{"id":1202,"date":"2020-06-10T20:37:29","date_gmt":"2020-06-10T20:37:29","guid":{"rendered":"http:\/\/web.cosmitet.net\/Cosmitet\/?page_id=1202"},"modified":"2024-05-03T12:50:46","modified_gmt":"2024-05-03T17:50:46","slug":"neurodesarrollo","status":"publish","type":"page","link":"https:\/\/www.cosmitet.net\/Cosmitet\/nuestros-servicios\/consulta-externa\/neurodesarrollo\/","title":{"rendered":"Neurodesarrollo"},"content":{"rendered":"\t\t<div data-elementor-type=\"wp-page\" data-elementor-id=\"1202\" class=\"elementor elementor-1202\">\n\t\t\t\t\t\t\t\t\t<section class=\"elementor-section elementor-top-section elementor-element elementor-element-8bc72d4 elementor-section-height-min-height elementor-section-boxed elementor-section-height-default elementor-section-items-middle\" data-id=\"8bc72d4\" data-element_type=\"section\" data-settings=\"{&quot;background_background&quot;:&quot;classic&quot;}\">\n\t\t\t\t\t\t<div class=\"elementor-container elementor-column-gap-default\">\n\t\t\t\t\t<div class=\"elementor-column elementor-col-100 elementor-top-column elementor-element elementor-element-8df53fe\" data-id=\"8df53fe\" data-element_type=\"column\">\n\t\t\t<div class=\"elementor-widget-wrap elementor-element-populated\">\n\t\t\t\t\t\t\t\t<div class=\"elementor-element elementor-element-2c76fe5 elementor-widget elementor-widget-heading\" data-id=\"2c76fe5\" data-element_type=\"widget\" data-widget_type=\"heading.default\">\n\t\t\t\t<div class=\"elementor-widget-container\">\n\t\t\t<h2 class=\"elementor-heading-title elementor-size-default\">Neurodesarrollo<\/h2>\t\t<\/div>\n\t\t\t\t<\/div>\n\t\t\t\t<div class=\"elementor-element elementor-element-20f9350 elementor-widget-divider--view-line elementor-widget elementor-widget-divider\" data-id=\"20f9350\" data-element_type=\"widget\" data-widget_type=\"divider.default\">\n\t\t\t\t<div class=\"elementor-widget-container\">\n\t\t\t\t\t<div class=\"elementor-divider\">\n\t\t\t<span class=\"elementor-divider-separator\">\n\t\t\t\t\t\t<\/span>\n\t\t<\/div>\n\t\t\t\t<\/div>\n\t\t\t\t<\/div>\n\t\t\t\t<section class=\"elementor-section elementor-inner-section elementor-element elementor-element-3ec4e66 elementor-section-boxed elementor-section-height-default elementor-section-height-default\" data-id=\"3ec4e66\" data-element_type=\"section\">\n\t\t\t\t\t\t<div class=\"elementor-container elementor-column-gap-default\">\n\t\t\t\t\t<div class=\"elementor-column elementor-col-50 elementor-inner-column elementor-element elementor-element-22b4d27\" data-id=\"22b4d27\" data-element_type=\"column\">\n\t\t\t<div class=\"elementor-widget-wrap elementor-element-populated\">\n\t\t\t\t\t\t\t\t<div class=\"elementor-element elementor-element-32780e5 elementor-widget elementor-widget-text-editor\" data-id=\"32780e5\" data-element_type=\"widget\" data-widget_type=\"text-editor.default\">\n\t\t\t\t<div class=\"elementor-widget-container\">\n\t\t\t\t\t\t\t<p style=\"text-align: justify;\">Promover el bienestar de la comunidad, aliviar el sufrimiento y recuperar r\u00e1pida, segura y humanamente la calidad de la salud de las personas. Proveyendo de una manera costo efectiva, una red de servicios de salud y un grupo de profesionales de la m\u00e1s alta calidad humana y cient\u00edfica, consistente con los mayores est\u00e1ndares m\u00e9dicos, \u00e9ticos y tecnol\u00f3gicos para la prevenci\u00f3n, diagnostico, tratamiento y rehabilitaci\u00f3n de las enfermedades; integr\u00e1ndonos, anticip\u00e1ndonos y respondiendo a los nuevos desarrollos y a las necesidades de las aseguradoras y dem\u00e1s organizaciones que constituyen el sistema de seguridad social colombiano.<\/p><p><button id=\"listenButton1\" class=\"responsivevoice-button\" type=\"button\" value=\"Play\" title=\"ResponsiveVoice Tap to Start\/Stop Speech\"><span>&#128266; escuchar<\/span><\/button>\n        <script>\n            listenButton1.onclick = function(){\n                if(responsiveVoice.isPlaying()){\n                    responsiveVoice.cancel();\n                }else{\n                    responsiveVoice.speak(\"Neurodesarrollo Promover el bienestar de la comunidad, aliviar el sufrimiento y recuperar r\u00e1pida, segura y humanamente la calidad de la salud de las personas. Proveyendo de una manera costo efectiva, una red de servicios de salud y un grupo de profesionales de la m\u00e1s alta calidad humana y cient\u00edfica, consistente con los mayores est\u00e1ndares m\u00e9dicos, \u00e9ticos y tecnol\u00f3gicos para la prevenci\u00f3n, diagnostico, tratamiento y rehabilitaci\u00f3n de las enfermedades; integr\u00e1ndonos, anticip\u00e1ndonos y respondiendo a los nuevos desarrollos y a las necesidades de las aseguradoras y dem\u00e1s organizaciones que constituyen el sistema de seguridad social colombiano.\", \"Spanish Latin American Female\");\n                }\n            };\n        <\/script>\n    <\/p>\t\t\t\t\t\t<\/div>\n\t\t\t\t<\/div>\n\t\t\t\t\t<\/div>\n\t\t<\/div>\n\t\t\t\t<div class=\"elementor-column elementor-col-50 elementor-inner-column elementor-element elementor-element-13b9fc0\" data-id=\"13b9fc0\" data-element_type=\"column\">\n\t\t\t<div class=\"elementor-widget-wrap elementor-element-populated\">\n\t\t\t\t\t\t\t\t<div class=\"elementor-element elementor-element-3918256 elementor-widget elementor-widget-image\" data-id=\"3918256\" data-element_type=\"widget\" data-widget_type=\"image.default\">\n\t\t\t\t<div class=\"elementor-widget-container\">\n\t\t\t\t\t\t\t\t\t\t\t\t\t\t\t<img decoding=\"async\" width=\"420\" height=\"315\" src=\"https:\/\/www.cosmitet.net\/Cosmitet\/wp-content\/uploads\/2020\/06\/cosmitet-ltda-neurodesarrollo-01.png\" class=\"attachment-large size-large\" alt=\"Neurodesarrollo | Cosmitet Ltda.\" loading=\"lazy\" srcset=\"https:\/\/www.cosmitet.net\/Cosmitet\/wp-content\/uploads\/2020\/06\/cosmitet-ltda-neurodesarrollo-01.png 420w, https:\/\/www.cosmitet.net\/Cosmitet\/wp-content\/uploads\/2020\/06\/cosmitet-ltda-neurodesarrollo-01-300x225.png 300w, https:\/\/www.cosmitet.net\/Cosmitet\/wp-content\/uploads\/2020\/06\/cosmitet-ltda-neurodesarrollo-01-230x173.png 230w, https:\/\/www.cosmitet.net\/Cosmitet\/wp-content\/uploads\/2020\/06\/cosmitet-ltda-neurodesarrollo-01-350x263.png 350w\" sizes=\"(max-width: 420px) 100vw, 420px\" \/>\t\t\t\t\t\t\t\t\t\t\t\t\t\t\t<\/div>\n\t\t\t\t<\/div>\n\t\t\t\t\t<\/div>\n\t\t<\/div>\n\t\t\t\t\t\t\t<\/div>\n\t\t<\/section>\n\t\t\t\t\t<\/div>\n\t\t<\/div>\n\t\t\t\t\t\t\t<\/div>\n\t\t<\/section>\n\t\t\t\t\t\t\t<\/div>\n\t\t","protected":false},"excerpt":{"rendered":"<p>Neurodesarrollo Promover el bienestar de la comunidad, aliviar el sufrimiento y recuperar r\u00e1pida, segura y humanamente la calidad de la salud de las personas. Proveyendo de una manera costo efectiva, una red de servicios de salud y un grupo de [&hellip;]<\/p>\n","protected":false},"author":3,"featured_media":0,"parent":671,"menu_order":2,"comment_status":"closed","ping_status":"closed","template":"page-templates\/page_front-page.php","meta":[],"categories":[],"tags":[],"yoast_head":"<!-- This site is optimized with the Yoast SEO plugin v15.9.1 - https:\/\/yoast.com\/wordpress\/plugins\/seo\/ -->\n<title>Neurodesarrollo | Cosmitet Ltda.<\/title>\n<link rel=\"canonical\" href=\"https:\/\/www.cosmitet.net\/Cosmitet\/nuestros-servicios\/consulta-externa\/neurodesarrollo\/\" \/>\n<meta property=\"og:locale\" content=\"es_ES\" \/>\n<meta property=\"og:type\" content=\"article\" \/>\n<meta property=\"og:title\" content=\"Neurodesarrollo | Cosmitet Ltda.\" \/>\n<meta property=\"og:description\" content=\"Neurodesarrollo Promover el bienestar de la comunidad, aliviar el sufrimiento y recuperar r\u00e1pida, segura y humanamente la calidad de la salud de las personas. Proveyendo de una manera costo efectiva, una red de servicios de salud y un grupo de [&hellip;]\" \/>\n<meta property=\"og:url\" content=\"https:\/\/www.cosmitet.net\/Cosmitet\/nuestros-servicios\/consulta-externa\/neurodesarrollo\/\" \/>\n<meta property=\"og:site_name\" content=\"Cosmitet Ltda.\" \/>\n<meta property=\"article:modified_time\" content=\"2024-05-03T17:50:46+00:00\" \/>\n<meta property=\"og:image\" content=\"https:\/\/www.cosmitet.net\/Cosmitet\/wp-content\/uploads\/2020\/06\/cosmitet-ltda-neurodesarrollo-01.png\" \/>\n<meta name=\"twitter:card\" content=\"summary_large_image\" \/>\n<meta name=\"twitter:label1\" content=\"Est. reading time\">\n\t<meta name=\"twitter:data1\" content=\"1 minuto\">\n<script type=\"application\/ld+json\" class=\"yoast-schema-graph\">{\"@context\":\"https:\/\/schema.org\",\"@graph\":[{\"@type\":\"Organization\",\"@id\":\"https:\/\/www.cosmitet.net\/Cosmitet\/#organization\",\"name\":\"Corporaci\\u00f3n de Servicios M\\u00e9dicos Internacionales Them y Cia Ltda.\",\"url\":\"https:\/\/www.cosmitet.net\/Cosmitet\/\",\"sameAs\":[],\"logo\":{\"@type\":\"ImageObject\",\"@id\":\"https:\/\/www.cosmitet.net\/Cosmitet\/#logo\",\"inLanguage\":\"es-CO\",\"url\":\"https:\/\/www.cosmitet.net\/Cosmitet\/wp-content\/uploads\/2022\/08\/cosmitet-logo-25-anos-02.png\",\"width\":1773,\"height\":510,\"caption\":\"Corporaci\\u00f3n de Servicios M\\u00e9dicos Internacionales Them y Cia Ltda.\"},\"image\":{\"@id\":\"https:\/\/www.cosmitet.net\/Cosmitet\/#logo\"}},{\"@type\":\"WebSite\",\"@id\":\"https:\/\/www.cosmitet.net\/Cosmitet\/#website\",\"url\":\"https:\/\/www.cosmitet.net\/Cosmitet\/\",\"name\":\"Cosmitet Ltda.\",\"description\":\"Corporaci\\u00f3n de Servicios M\\u00e9dicos Internacionales Them y C\\u00eda. Ltda.\",\"publisher\":{\"@id\":\"https:\/\/www.cosmitet.net\/Cosmitet\/#organization\"},\"potentialAction\":[{\"@type\":\"SearchAction\",\"target\":\"https:\/\/www.cosmitet.net\/Cosmitet\/?s={search_term_string}\",\"query-input\":\"required name=search_term_string\"}],\"inLanguage\":\"es-CO\"},{\"@type\":\"ImageObject\",\"@id\":\"https:\/\/www.cosmitet.net\/Cosmitet\/nuestros-servicios\/consulta-externa\/neurodesarrollo\/#primaryimage\",\"inLanguage\":\"es-CO\",\"url\":\"https:\/\/www.cosmitet.net\/Cosmitet\/wp-content\/uploads\/2020\/06\/cosmitet-ltda-neurodesarrollo-01.png\",\"width\":420,\"height\":315,\"caption\":\"Neurodesarrollo | Cosmitet Ltda.\"},{\"@type\":\"WebPage\",\"@id\":\"https:\/\/www.cosmitet.net\/Cosmitet\/nuestros-servicios\/consulta-externa\/neurodesarrollo\/#webpage\",\"url\":\"https:\/\/www.cosmitet.net\/Cosmitet\/nuestros-servicios\/consulta-externa\/neurodesarrollo\/\",\"name\":\"Neurodesarrollo | Cosmitet Ltda.\",\"isPartOf\":{\"@id\":\"https:\/\/www.cosmitet.net\/Cosmitet\/#website\"},\"primaryImageOfPage\":{\"@id\":\"https:\/\/www.cosmitet.net\/Cosmitet\/nuestros-servicios\/consulta-externa\/neurodesarrollo\/#primaryimage\"},\"datePublished\":\"2020-06-10T20:37:29+00:00\",\"dateModified\":\"2024-05-03T17:50:46+00:00\",\"breadcrumb\":{\"@id\":\"https:\/\/www.cosmitet.net\/Cosmitet\/nuestros-servicios\/consulta-externa\/neurodesarrollo\/#breadcrumb\"},\"inLanguage\":\"es-CO\",\"potentialAction\":[{\"@type\":\"ReadAction\",\"target\":[\"https:\/\/www.cosmitet.net\/Cosmitet\/nuestros-servicios\/consulta-externa\/neurodesarrollo\/\"]}]},{\"@type\":\"BreadcrumbList\",\"@id\":\"https:\/\/www.cosmitet.net\/Cosmitet\/nuestros-servicios\/consulta-externa\/neurodesarrollo\/#breadcrumb\",\"itemListElement\":[{\"@type\":\"ListItem\",\"position\":1,\"item\":{\"@type\":\"WebPage\",\"@id\":\"https:\/\/www.cosmitet.net\/Cosmitet\/\",\"url\":\"https:\/\/www.cosmitet.net\/Cosmitet\/\",\"name\":\"Home\"}},{\"@type\":\"ListItem\",\"position\":2,\"item\":{\"@type\":\"WebPage\",\"@id\":\"https:\/\/www.cosmitet.net\/Cosmitet\/nuestros-servicios\/\",\"url\":\"https:\/\/www.cosmitet.net\/Cosmitet\/nuestros-servicios\/\",\"name\":\"Nuestros Servicios\"}},{\"@type\":\"ListItem\",\"position\":3,\"item\":{\"@type\":\"WebPage\",\"@id\":\"https:\/\/www.cosmitet.net\/Cosmitet\/nuestros-servicios\/consulta-externa\/\",\"url\":\"https:\/\/www.cosmitet.net\/Cosmitet\/nuestros-servicios\/consulta-externa\/\",\"name\":\"Consulta Externa\"}},{\"@type\":\"ListItem\",\"position\":4,\"item\":{\"@type\":\"WebPage\",\"@id\":\"https:\/\/www.cosmitet.net\/Cosmitet\/nuestros-servicios\/consulta-externa\/neurodesarrollo\/\",\"url\":\"https:\/\/www.cosmitet.net\/Cosmitet\/nuestros-servicios\/consulta-externa\/neurodesarrollo\/\",\"name\":\"Neurodesarrollo\"}}]}]}<\/script>\n<!-- \/ Yoast SEO plugin. -->","_links":{"self":[{"href":"https:\/\/www.cosmitet.net\/Cosmitet\/wp-json\/wp\/v2\/pages\/1202"}],"collection":[{"href":"https:\/\/www.cosmitet.net\/Cosmitet\/wp-json\/wp\/v2\/pages"}],"about":[{"href":"https:\/\/www.cosmitet.net\/Cosmitet\/wp-json\/wp\/v2\/types\/page"}],"author":[{"embeddable":true,"href":"https:\/\/www.cosmitet.net\/Cosmitet\/wp-json\/wp\/v2\/users\/3"}],"replies":[{"embeddable":true,"href":"https:\/\/www.cosmitet.net\/Cosmitet\/wp-json\/wp\/v2\/comments?post=1202"}],"version-history":[{"count":44,"href":"https:\/\/www.cosmitet.net\/Cosmitet\/wp-json\/wp\/v2\/pages\/1202\/revisions"}],"predecessor-version":[{"id":10991,"href":"https:\/\/www.cosmitet.net\/Cosmitet\/wp-json\/wp\/v2\/pages\/1202\/revisions\/10991"}],"up":[{"embeddable":true,"href":"https:\/\/www.cosmitet.net\/Cosmitet\/wp-json\/wp\/v2\/pages\/671"}],"wp:attachment":[{"href":"https:\/\/www.cosmitet.net\/Cosmitet\/wp-json\/wp\/v2\/media?parent=1202"}],"wp:term":[{"taxonomy":"category","embeddable":true,"href":"https:\/\/www.cosmitet.net\/Cosmitet\/wp-json\/wp\/v2\/categories?post=1202"},{"taxonomy":"post_tag","embeddable":true,"href":"https:\/\/www.cosmitet.net\/Cosmitet\/wp-json\/wp\/v2\/tags?post=1202"}],"curies":[{"name":"wp","href":"https:\/\/api.w.org\/{rel}","templated":true}]}}