{"id":1206,"date":"2020-06-10T20:42:23","date_gmt":"2020-06-10T20:42:23","guid":{"rendered":"http:\/\/web.cosmitet.net\/Cosmitet\/?page_id=1206"},"modified":"2024-05-03T13:47:23","modified_gmt":"2024-05-03T18:47:23","slug":"odontologia","status":"publish","type":"page","link":"https:\/\/www.cosmitet.net\/Cosmitet\/nuestros-servicios\/consulta-externa\/odontologia\/","title":{"rendered":"Odontologia"},"content":{"rendered":"\t\t<div data-elementor-type=\"wp-page\" data-elementor-id=\"1206\" class=\"elementor elementor-1206\">\n\t\t\t\t\t\t\t\t\t<section class=\"elementor-section elementor-top-section elementor-element elementor-element-6fb2bfd elementor-section-height-min-height elementor-section-boxed elementor-section-height-default elementor-section-items-middle\" data-id=\"6fb2bfd\" data-element_type=\"section\" data-settings=\"{&quot;background_background&quot;:&quot;classic&quot;}\">\n\t\t\t\t\t\t<div class=\"elementor-container elementor-column-gap-default\">\n\t\t\t\t\t<div class=\"elementor-column elementor-col-100 elementor-top-column elementor-element elementor-element-f5c18c7\" data-id=\"f5c18c7\" data-element_type=\"column\">\n\t\t\t<div class=\"elementor-widget-wrap elementor-element-populated\">\n\t\t\t\t\t\t\t\t<div class=\"elementor-element elementor-element-4e757da elementor-widget elementor-widget-heading\" data-id=\"4e757da\" data-element_type=\"widget\" data-widget_type=\"heading.default\">\n\t\t\t\t<div class=\"elementor-widget-container\">\n\t\t\t<h2 class=\"elementor-heading-title elementor-size-default\">Odontolog\u00eda<\/h2>\t\t<\/div>\n\t\t\t\t<\/div>\n\t\t\t\t<div class=\"elementor-element elementor-element-0859176 elementor-widget-divider--view-line elementor-widget elementor-widget-divider\" data-id=\"0859176\" data-element_type=\"widget\" data-widget_type=\"divider.default\">\n\t\t\t\t<div class=\"elementor-widget-container\">\n\t\t\t\t\t<div class=\"elementor-divider\">\n\t\t\t<span class=\"elementor-divider-separator\">\n\t\t\t\t\t\t<\/span>\n\t\t<\/div>\n\t\t\t\t<\/div>\n\t\t\t\t<\/div>\n\t\t\t\t<section class=\"elementor-section elementor-inner-section elementor-element elementor-element-99bf25b elementor-section-boxed elementor-section-height-default elementor-section-height-default\" data-id=\"99bf25b\" data-element_type=\"section\">\n\t\t\t\t\t\t<div class=\"elementor-container elementor-column-gap-default\">\n\t\t\t\t\t<div class=\"elementor-column elementor-col-50 elementor-inner-column elementor-element elementor-element-f26b4ac\" data-id=\"f26b4ac\" data-element_type=\"column\">\n\t\t\t<div class=\"elementor-widget-wrap elementor-element-populated\">\n\t\t\t\t\t\t\t\t<div class=\"elementor-element elementor-element-16bcc4f elementor-widget elementor-widget-text-editor\" data-id=\"16bcc4f\" data-element_type=\"widget\" data-widget_type=\"text-editor.default\">\n\t\t\t\t<div class=\"elementor-widget-container\">\n\t\t\t\t\t\t\t<div>Contamos con consultorios odontol\u00f3gicos dotados con unidades completas, lamparas de fotocurado, ultrasonido equipo de rayo x entre otras.<\/div>\n<div>&nbsp;<\/div>\n<div>Se prestan los servicios de:<\/div>\n<ol>\n<li>Promoci\u00f3n y prevenci\u00f3n en salud oral.<\/li>\n<li>Operatoria.<\/li>\n<li>Endodoncia.<\/li>\n<li>Periodoncia y Cirug\u00eda Oral y Maxilofacial.<\/li>\n<\/ol>\n<div>Completando lo del servicio odontol\u00f3gico respecto de los servicios que se prestan:<\/div>\n<div>&nbsp;<\/div>\n<div><strong>Promoci\u00f3n y prevenci\u00f3n en salud oral:<\/strong>&nbsp;charlas educativas, sellantes de fosetas y fisuras de fotocurado, detartrajes, profilaxis y aplicaci\u00f3n de fl\u00faor.<\/div>\n<div>&nbsp;<\/div>\n<div><strong>Operatoria dental:<\/strong>&nbsp;obturaci\u00f3n en resinas de fotocurado en dientes anteriores y posteriores.<\/div>\n<div><strong>Endodoncia:<\/strong>&nbsp;realizaci\u00f3n de tratamientos de conductos uni, birradiculares, multiarticulares y cirug\u00eda endod\u00f3ntica.<\/div>\n<div><strong>Periodoncia:<\/strong>&nbsp;tratamientos de las enc\u00edas y de los tejidos de soporte de los dientes.<\/div>\n<div><strong>Cirug\u00eda oral y maxilofacial:<\/strong>&nbsp;exodoncias quir\u00fargicas y de dientes incluidos, tratamiento de toda la patolog\u00eda oral y la atenci\u00f3n de trauma dento maxilo facial.<\/div>\t\t\t\t\t\t<\/div>\n\t\t\t\t<\/div>\n\t\t\t\t\t<\/div>\n\t\t<\/div>\n\t\t\t\t<div class=\"elementor-column elementor-col-50 elementor-inner-column elementor-element elementor-element-be88deb\" data-id=\"be88deb\" data-element_type=\"column\">\n\t\t\t<div class=\"elementor-widget-wrap elementor-element-populated\">\n\t\t\t\t\t\t\t\t<div class=\"elementor-element elementor-element-5a7bf7e elementor-widget elementor-widget-image\" data-id=\"5a7bf7e\" data-element_type=\"widget\" data-widget_type=\"image.default\">\n\t\t\t\t<div class=\"elementor-widget-container\">\n\t\t\t\t\t\t\t\t\t\t\t\t\t\t\t<img decoding=\"async\" width=\"424\" height=\"283\" src=\"https:\/\/www.cosmitet.net\/Cosmitet\/wp-content\/uploads\/2020\/06\/cosmitet-ltda-consulta-especialista-01.png\" class=\"attachment-large size-large\" alt=\"Consulta Especialista | Cosmitet Ltda.\" loading=\"lazy\" srcset=\"https:\/\/www.cosmitet.net\/Cosmitet\/wp-content\/uploads\/2020\/06\/cosmitet-ltda-consulta-especialista-01.png 424w, https:\/\/www.cosmitet.net\/Cosmitet\/wp-content\/uploads\/2020\/06\/cosmitet-ltda-consulta-especialista-01-300x200.png 300w, https:\/\/www.cosmitet.net\/Cosmitet\/wp-content\/uploads\/2020\/06\/cosmitet-ltda-consulta-especialista-01-230x154.png 230w, https:\/\/www.cosmitet.net\/Cosmitet\/wp-content\/uploads\/2020\/06\/cosmitet-ltda-consulta-especialista-01-350x234.png 350w, https:\/\/www.cosmitet.net\/Cosmitet\/wp-content\/uploads\/2020\/06\/cosmitet-ltda-consulta-especialista-01-272x182.png 272w\" sizes=\"(max-width: 424px) 100vw, 424px\" \/>\t\t\t\t\t\t\t\t\t\t\t\t\t\t\t<\/div>\n\t\t\t\t<\/div>\n\t\t\t\t\t<\/div>\n\t\t<\/div>\n\t\t\t\t\t\t\t<\/div>\n\t\t<\/section>\n\t\t\t\t\t<\/div>\n\t\t<\/div>\n\t\t\t\t\t\t\t<\/div>\n\t\t<\/section>\n\t\t\t\t\t\t\t<\/div>\n\t\t","protected":false},"excerpt":{"rendered":"<p>Odontolog\u00eda Contamos con consultorios odontol\u00f3gicos dotados con unidades completas, lamparas de fotocurado, ultrasonido equipo de rayo x entre otras. &nbsp; Se prestan los servicios de: Promoci\u00f3n y prevenci\u00f3n en salud oral. Operatoria. Endodoncia. Periodoncia y Cirug\u00eda Oral y Maxilofacial. Completando [&hellip;]<\/p>\n","protected":false},"author":3,"featured_media":0,"parent":671,"menu_order":0,"comment_status":"closed","ping_status":"closed","template":"page-templates\/page_front-page.php","meta":[],"categories":[],"tags":[],"yoast_head":"<!-- This site is optimized with the Yoast SEO plugin v15.9.1 - https:\/\/yoast.com\/wordpress\/plugins\/seo\/ -->\n<title>Odontologia | Cosmitet Ltda.<\/title>\n<link rel=\"canonical\" href=\"https:\/\/www.cosmitet.net\/Cosmitet\/nuestros-servicios\/consulta-externa\/odontologia\/\" \/>\n<meta property=\"og:locale\" content=\"es_ES\" \/>\n<meta property=\"og:type\" content=\"article\" \/>\n<meta property=\"og:title\" content=\"Odontologia | Cosmitet Ltda.\" \/>\n<meta property=\"og:description\" content=\"Odontolog\u00eda Contamos con consultorios odontol\u00f3gicos dotados con unidades completas, lamparas de fotocurado, ultrasonido equipo de rayo x entre otras. &nbsp; Se prestan los servicios de: Promoci\u00f3n y prevenci\u00f3n en salud oral. Operatoria. Endodoncia. Periodoncia y Cirug\u00eda Oral y Maxilofacial. Completando [&hellip;]\" \/>\n<meta property=\"og:url\" content=\"https:\/\/www.cosmitet.net\/Cosmitet\/nuestros-servicios\/consulta-externa\/odontologia\/\" \/>\n<meta property=\"og:site_name\" content=\"Cosmitet Ltda.\" \/>\n<meta property=\"article:modified_time\" content=\"2024-05-03T18:47:23+00:00\" \/>\n<meta name=\"twitter:card\" content=\"summary_large_image\" \/>\n<meta name=\"twitter:label1\" content=\"Est. reading time\">\n\t<meta name=\"twitter:data1\" content=\"1 minuto\">\n<script type=\"application\/ld+json\" class=\"yoast-schema-graph\">{\"@context\":\"https:\/\/schema.org\",\"@graph\":[{\"@type\":\"Organization\",\"@id\":\"https:\/\/www.cosmitet.net\/Cosmitet\/#organization\",\"name\":\"Corporaci\\u00f3n de Servicios M\\u00e9dicos Internacionales Them y Cia Ltda.\",\"url\":\"https:\/\/www.cosmitet.net\/Cosmitet\/\",\"sameAs\":[],\"logo\":{\"@type\":\"ImageObject\",\"@id\":\"https:\/\/www.cosmitet.net\/Cosmitet\/#logo\",\"inLanguage\":\"es-CO\",\"url\":\"https:\/\/www.cosmitet.net\/Cosmitet\/wp-content\/uploads\/2022\/08\/cosmitet-logo-25-anos-02.png\",\"width\":1773,\"height\":510,\"caption\":\"Corporaci\\u00f3n de Servicios M\\u00e9dicos Internacionales Them y Cia Ltda.\"},\"image\":{\"@id\":\"https:\/\/www.cosmitet.net\/Cosmitet\/#logo\"}},{\"@type\":\"WebSite\",\"@id\":\"https:\/\/www.cosmitet.net\/Cosmitet\/#website\",\"url\":\"https:\/\/www.cosmitet.net\/Cosmitet\/\",\"name\":\"Cosmitet Ltda.\",\"description\":\"Corporaci\\u00f3n de Servicios M\\u00e9dicos Internacionales Them y C\\u00eda. Ltda.\",\"publisher\":{\"@id\":\"https:\/\/www.cosmitet.net\/Cosmitet\/#organization\"},\"potentialAction\":[{\"@type\":\"SearchAction\",\"target\":\"https:\/\/www.cosmitet.net\/Cosmitet\/?s={search_term_string}\",\"query-input\":\"required name=search_term_string\"}],\"inLanguage\":\"es-CO\"},{\"@type\":\"ImageObject\",\"@id\":\"https:\/\/www.cosmitet.net\/Cosmitet\/nuestros-servicios\/consulta-externa\/odontologia\/#primaryimage\",\"inLanguage\":\"es-CO\",\"url\":\"https:\/\/www.cosmitet.net\/Cosmitet\/wp-content\/uploads\/2020\/06\/cosmitet-ltda-consulta-especialista-01.png\",\"width\":424,\"height\":283,\"caption\":\"Consulta Especialista | Cosmitet Ltda.\"},{\"@type\":\"WebPage\",\"@id\":\"https:\/\/www.cosmitet.net\/Cosmitet\/nuestros-servicios\/consulta-externa\/odontologia\/#webpage\",\"url\":\"https:\/\/www.cosmitet.net\/Cosmitet\/nuestros-servicios\/consulta-externa\/odontologia\/\",\"name\":\"Odontologia | Cosmitet Ltda.\",\"isPartOf\":{\"@id\":\"https:\/\/www.cosmitet.net\/Cosmitet\/#website\"},\"primaryImageOfPage\":{\"@id\":\"https:\/\/www.cosmitet.net\/Cosmitet\/nuestros-servicios\/consulta-externa\/odontologia\/#primaryimage\"},\"datePublished\":\"2020-06-10T20:42:23+00:00\",\"dateModified\":\"2024-05-03T18:47:23+00:00\",\"breadcrumb\":{\"@id\":\"https:\/\/www.cosmitet.net\/Cosmitet\/nuestros-servicios\/consulta-externa\/odontologia\/#breadcrumb\"},\"inLanguage\":\"es-CO\",\"potentialAction\":[{\"@type\":\"ReadAction\",\"target\":[\"https:\/\/www.cosmitet.net\/Cosmitet\/nuestros-servicios\/consulta-externa\/odontologia\/\"]}]},{\"@type\":\"BreadcrumbList\",\"@id\":\"https:\/\/www.cosmitet.net\/Cosmitet\/nuestros-servicios\/consulta-externa\/odontologia\/#breadcrumb\",\"itemListElement\":[{\"@type\":\"ListItem\",\"position\":1,\"item\":{\"@type\":\"WebPage\",\"@id\":\"https:\/\/www.cosmitet.net\/Cosmitet\/\",\"url\":\"https:\/\/www.cosmitet.net\/Cosmitet\/\",\"name\":\"Home\"}},{\"@type\":\"ListItem\",\"position\":2,\"item\":{\"@type\":\"WebPage\",\"@id\":\"https:\/\/www.cosmitet.net\/Cosmitet\/nuestros-servicios\/\",\"url\":\"https:\/\/www.cosmitet.net\/Cosmitet\/nuestros-servicios\/\",\"name\":\"Nuestros Servicios\"}},{\"@type\":\"ListItem\",\"position\":3,\"item\":{\"@type\":\"WebPage\",\"@id\":\"https:\/\/www.cosmitet.net\/Cosmitet\/nuestros-servicios\/consulta-externa\/\",\"url\":\"https:\/\/www.cosmitet.net\/Cosmitet\/nuestros-servicios\/consulta-externa\/\",\"name\":\"Consulta Externa\"}},{\"@type\":\"ListItem\",\"position\":4,\"item\":{\"@type\":\"WebPage\",\"@id\":\"https:\/\/www.cosmitet.net\/Cosmitet\/nuestros-servicios\/consulta-externa\/odontologia\/\",\"url\":\"https:\/\/www.cosmitet.net\/Cosmitet\/nuestros-servicios\/consulta-externa\/odontologia\/\",\"name\":\"Odontologia\"}}]}]}<\/script>\n<!-- \/ Yoast SEO plugin. -->","_links":{"self":[{"href":"https:\/\/www.cosmitet.net\/Cosmitet\/wp-json\/wp\/v2\/pages\/1206"}],"collection":[{"href":"https:\/\/www.cosmitet.net\/Cosmitet\/wp-json\/wp\/v2\/pages"}],"about":[{"href":"https:\/\/www.cosmitet.net\/Cosmitet\/wp-json\/wp\/v2\/types\/page"}],"author":[{"embeddable":true,"href":"https:\/\/www.cosmitet.net\/Cosmitet\/wp-json\/wp\/v2\/users\/3"}],"replies":[{"embeddable":true,"href":"https:\/\/www.cosmitet.net\/Cosmitet\/wp-json\/wp\/v2\/comments?post=1206"}],"version-history":[{"count":69,"href":"https:\/\/www.cosmitet.net\/Cosmitet\/wp-json\/wp\/v2\/pages\/1206\/revisions"}],"predecessor-version":[{"id":11007,"href":"https:\/\/www.cosmitet.net\/Cosmitet\/wp-json\/wp\/v2\/pages\/1206\/revisions\/11007"}],"up":[{"embeddable":true,"href":"https:\/\/www.cosmitet.net\/Cosmitet\/wp-json\/wp\/v2\/pages\/671"}],"wp:attachment":[{"href":"https:\/\/www.cosmitet.net\/Cosmitet\/wp-json\/wp\/v2\/media?parent=1206"}],"wp:term":[{"taxonomy":"category","embeddable":true,"href":"https:\/\/www.cosmitet.net\/Cosmitet\/wp-json\/wp\/v2\/categories?post=1206"},{"taxonomy":"post_tag","embeddable":true,"href":"https:\/\/www.cosmitet.net\/Cosmitet\/wp-json\/wp\/v2\/tags?post=1206"}],"curies":[{"name":"wp","href":"https:\/\/api.w.org\/{rel}","templated":true}]}}