{"id":1208,"date":"2020-06-10T20:43:03","date_gmt":"2020-06-10T20:43:03","guid":{"rendered":"http:\/\/web.cosmitet.net\/Cosmitet\/?page_id=1208"},"modified":"2020-06-17T21:44:24","modified_gmt":"2020-06-17T21:44:24","slug":"salud-ocupacional","status":"publish","type":"page","link":"https:\/\/www.cosmitet.net\/Cosmitet\/nuestros-servicios\/consulta-externa\/salud-ocupacional\/","title":{"rendered":"Salud Ocupacional"},"content":{"rendered":"<div id=\"pl-1208\"  class=\"panel-layout\" ><div id=\"pg-1208-0\"  class=\"panel-grid panel-has-style\" ><div class=\"siteorigin-panels-stretch panel-row-style panel-row-style-for-1208-0\" style=\"padding: 100px 0; \" data-stretch-type=\"full\" data-overlay=\"true\" data-overlay-color=\"#000000\" ><div id=\"pgc-1208-0-0\"  class=\"panel-grid-cell\" ><div id=\"panel-1208-0-0-0\" class=\"so-panel widget widget_sow-headline panel-first-child panel-last-child\" data-index=\"0\" ><div style=\"text-align: left;\" data-title-color=\"#443f3f\" data-headings-color=\"#443f3f\" class=\"panel-widget-style panel-widget-style-for-1208-0-0-0\" ><div\n\t\t\t\n\t\t\tclass=\"so-widget-sow-headline so-widget-sow-headline-default-92e35381b095-1208\"\n\t\t\t\n\t\t><div class=\"sow-headline-container \">\n\t<h1 class='sow-headline'>SALUD OCUPACIONAL<\/h1>\t\t\t\t\t<div class=\"decoration\">\n\t\t\t\t\t\t<div class=\"decoration-inside\"><\/div>\n\t\t\t\t\t<\/div>\n\t\t\t\t\t<\/div>\n<\/div><\/div><\/div><\/div><\/div><\/div><div id=\"pg-1208-1\"  class=\"panel-grid panel-has-style\" ><div class=\"siteorigin-panels-stretch panel-row-style panel-row-style-for-1208-1\" style=\"padding: 100px 0; \" data-stretch-type=\"full\" data-overlay=\"true\" data-overlay-color=\"#000000\" ><div id=\"pgc-1208-1-0\"  class=\"panel-grid-cell\" ><div id=\"panel-1208-1-0-0\" class=\"so-panel widget widget_sow-editor panel-first-child\" data-index=\"1\" ><div style=\"text-align: left;\" data-title-color=\"#443f3f\" data-headings-color=\"#443f3f\" class=\"panel-widget-style panel-widget-style-for-1208-1-0-0\" ><div\n\t\t\t\n\t\t\tclass=\"so-widget-sow-editor so-widget-sow-editor-base\"\n\t\t\t\n\t\t>\n<div class=\"siteorigin-widget-tinymce textwidget\">\n\t<p style=\"text-align: justify;\">Se entiende como Programa de Salud Ocupacional (PSO) \u201cel Sistema de Gesti\u00f3n de la Seguridad y Salud en el Trabajo SG-SST. Este sistema consiste en el desarrollo de un proceso l\u00f3gico y por etapas, basado en la mejora continua y que incluye la pol\u00edtica, la organizaci\u00f3n, la planificaci\u00f3n, la aplicaci\u00f3n, la evaluaci\u00f3n, la auditoria y las acciones de mejora con el objetivo de anticipar, reconocer, evaluar y controlar los riesgos que puedan afectar la seguridad y salud en el trabajo\u201d (Ley 1562 de 2012).<\/p>\n<p style=\"text-align: justify;\">La IPS Unidad de Salud Ocupacional <strong>Cosmitet Ltda.<\/strong> ofrece a sus clientes el dise\u00f1o y asesor\u00eda del Programa de Salud Ocupacional basado en un modelo de gesti\u00f3n de los riesgos profesionales \u00fanico y exclusivo a la medida de las necesidades de cada empresa, en el que se aplican estrategias y\/o actividades, y se presta una serie de servicios integrales e interdisciplinarios cuyo eje central es la promoci\u00f3n y prevenci\u00f3n de las <strong>Enfermedades Profesionales (EP) y los Accidentes de Trabajo (AT)<\/strong>, para lo cual se cuenta con una IPS especializada en la atenci\u00f3n y desarrollo de actividades propias de la Salud Ocupacional.<\/p>\n<p>Servicios ofrecidos:<\/p>\n<p style=\"text-align: justify;\"><strong>Medicina Preventiva:<\/strong> Es el conjunto de actividades multidisciplinarias destinadas a la promoci\u00f3n y control de la salud, y prevenci\u00f3n de la enfermedad, protegi\u00e9ndolos de factores de riesgos ocupacionales y manteni\u00e9ndolos en aptitud de producci\u00f3n de trabajo. Para dicho fin, se crean programas de capacitaci\u00f3n en prevenci\u00f3n de riesgos que posibilite un mejor desempe\u00f1o de los trabajadores y prevengan los riesgos propios de su actividad laboral:<\/p>\n<p>1. Talleres preventivos.<\/p>\n<p>2. Capacitaciones.<\/p>\n<p>3. Dise\u00f1o e implementaci\u00f3n de sistemas de vigilancia epidemiol\u00f3gica.<\/p>\n<p style=\"text-align: justify;\"><strong>Medicina Laboral:<\/strong> Comprende el conjunto de actividades multidisciplinarias destinadas al mejoramiento de las condiciones de salud de los trabajadores a trav\u00e9s de la evaluaci\u00f3n de su capacidad laboral y la identificaci\u00f3n oportuna de los agentes que pueden generarles enfermedades.<\/p>\n<p style=\"text-align: justify;\"><strong>Higiene y Seguridad Industrial:<\/strong> Son todas aquellas actividades encaminadas a identificar, evaluar y controlar oportunamente todos aquellos riesgos que se originan en los lugares de trabajo y pueden afectar la salud de los trabajadores ocasionando accidentes de trabajo y\/o enfermedades profesionales.<\/p>\n<\/div>\n<\/div><\/div><\/div><div id=\"panel-1208-1-0-1\" class=\"so-panel widget widget_sow-editor panel-last-child\" data-index=\"2\" ><div style=\"text-align: left;\" data-title-color=\"#443f3f\" data-headings-color=\"#443f3f\" class=\"panel-widget-style panel-widget-style-for-1208-1-0-1\" ><div\n\t\t\t\n\t\t\tclass=\"so-widget-sow-editor so-widget-sow-editor-base\"\n\t\t\t\n\t\t>\n<div class=\"siteorigin-widget-tinymce textwidget\">\n\t<button id=\"listenButton1\" class=\"responsivevoice-button\" type=\"button\" value=\"Play\" title=\"ResponsiveVoice Tap to Start\/Stop Speech\"><span>&#128266; escuchar<\/span><\/button>\n        <script>\n            listenButton1.onclick = function(){\n                if(responsiveVoice.isPlaying()){\n                    responsiveVoice.cancel();\n                }else{\n                    responsiveVoice.speak(\"Se entiende como Programa de Salud Ocupacional (PSO) \u201cel Sistema de Gesti\u00f3n de la Seguridad y Salud en el Trabajo SG-SST. Este sistema consiste en el desarrollo de un proceso l\u00f3gico y por etapas, basado en la mejora continua y que incluye la pol\u00edtica, la organizaci\u00f3n, la planificaci\u00f3n, la aplicaci\u00f3n, la evaluaci\u00f3n, la auditoria y las acciones de mejora con el objetivo de anticipar, reconocer, evaluar y controlar los riesgos que puedan afectar la seguridad y salud en el trabajo\u201d (Ley 1562 de 2012). La IPS Unidad de Salud Ocupacional Cosmitet Ltda. ofrece a sus clientes el dise\u00f1o y asesor\u00eda del Programa de Salud Ocupacional basado en un modelo de gesti\u00f3n de los riesgos profesionales \u00fanico y exclusivo a la medida de las necesidades de cada empresa, en el que se aplican estrategias y\/o actividades, y se presta una serie de servicios integrales e interdisciplinarios cuyo eje central es la promoci\u00f3n y prevenci\u00f3n de las Enfermedades Profesionales (EP) y los Accidentes de Trabajo (AT), para lo cual se cuenta con una IPS especializada en la atenci\u00f3n y desarrollo de actividades propias de la Salud Ocupacional. Servicios ofrecidos: Medicina Preventiva: Es el conjunto de actividades multidisciplinarias destinadas a la promoci\u00f3n y control de la salud, y prevenci\u00f3n de la enfermedad, protegi\u00e9ndolos de factores de riesgos ocupacionales y manteni\u00e9ndolos en aptitud de producci\u00f3n de trabajo. Para dicho fin, se crean programas de capacitaci\u00f3n en prevenci\u00f3n de riesgos que posibilite un mejor desempe\u00f1o de los trabajadores y prevengan los riesgos propios de su actividad laboral: 1. Talleres preventivos. 2. Capacitaciones. 3. Dise\u00f1o e implementaci\u00f3n de sistemas de vigilancia epidemiol\u00f3gica. Medicina Laboral: Comprende el conjunto de actividades multidisciplinarias destinadas al mejoramiento de las condiciones de salud de los trabajadores a trav\u00e9s de la evaluaci\u00f3n de su capacidad laboral y la identificaci\u00f3n oportuna de los agentes que pueden generarles enfermedades. Higiene y Seguridad Industrial: Son todas aquellas actividades encaminadas a identificar, evaluar y controlar oportunamente todos aquellos riesgos que se originan en los lugares de trabajo y pueden afectar la salud de los trabajadores ocasionando accidentes de trabajo y\/o enfermedades profesionales.\", \"Spanish Latin American Female\");\n                }\n            };\n        <\/script>\n    \n<\/div>\n<\/div><\/div><\/div><\/div><div id=\"pgc-1208-1-1\"  class=\"panel-grid-cell\" ><div id=\"panel-1208-1-1-0\" class=\"so-panel widget widget_sow-image panel-first-child panel-last-child\" data-index=\"3\" ><div style=\"text-align: left;\" data-title-color=\"#443f3f\" data-headings-color=\"#443f3f\" class=\"panel-widget-style panel-widget-style-for-1208-1-1-0\" ><div\n\t\t\t\n\t\t\tclass=\"so-widget-sow-image so-widget-sow-image-default-17bc2272b535-1208\"\n\t\t\t\n\t\t>\n\n<div class=\"sow-image-container\">\n\t\t<img src=\"https:\/\/www.cosmitet.net\/Cosmitet\/wp-content\/uploads\/2020\/06\/cosmitet-ltda-salud-ocupacional-01.png\" width=\"450\" height=\"300\" srcset=\"https:\/\/www.cosmitet.net\/Cosmitet\/wp-content\/uploads\/2020\/06\/cosmitet-ltda-salud-ocupacional-01.png 450w, https:\/\/www.cosmitet.net\/Cosmitet\/wp-content\/uploads\/2020\/06\/cosmitet-ltda-salud-ocupacional-01-300x200.png 300w, https:\/\/www.cosmitet.net\/Cosmitet\/wp-content\/uploads\/2020\/06\/cosmitet-ltda-salud-ocupacional-01-230x153.png 230w, https:\/\/www.cosmitet.net\/Cosmitet\/wp-content\/uploads\/2020\/06\/cosmitet-ltda-salud-ocupacional-01-350x233.png 350w, https:\/\/www.cosmitet.net\/Cosmitet\/wp-content\/uploads\/2020\/06\/cosmitet-ltda-salud-ocupacional-01-272x182.png 272w\" sizes=\"(max-width: 450px) 100vw, 450px\" title=\"Salud Ocupacional | Cosmitet Ltda.\" alt=\"Salud Ocupacional | Cosmitet Ltda.\" loading=\"lazy\" \t\tclass=\"so-widget-image\"\/>\n\t<\/div>\n\n<\/div><\/div><\/div><\/div><\/div><\/div><\/div>","protected":false},"excerpt":{"rendered":"<p>Se entiende como Programa de Salud Ocupacional (PSO) \u201cel Sistema de Gesti\u00f3n de la Seguridad y Salud en el Trabajo SG-SST. Este sistema consiste en el desarrollo de un proceso l\u00f3gico y por etapas, basado en la mejora continua y [&hellip;]<\/p>\n","protected":false},"author":3,"featured_media":0,"parent":671,"menu_order":0,"comment_status":"closed","ping_status":"closed","template":"page-templates\/page_front-page.php","meta":[],"categories":[],"tags":[],"yoast_head":"<!-- This site is optimized with the Yoast SEO plugin v15.9.1 - https:\/\/yoast.com\/wordpress\/plugins\/seo\/ -->\n<title>Salud Ocupacional | Cosmitet Ltda.<\/title>\n<link rel=\"canonical\" href=\"https:\/\/www.cosmitet.net\/Cosmitet\/nuestros-servicios\/consulta-externa\/salud-ocupacional\/\" \/>\n<meta property=\"og:locale\" content=\"es_ES\" \/>\n<meta property=\"og:type\" content=\"article\" \/>\n<meta property=\"og:title\" content=\"Salud Ocupacional | Cosmitet Ltda.\" \/>\n<meta property=\"og:description\" content=\"Se entiende como Programa de Salud Ocupacional (PSO) \u201cel Sistema de Gesti\u00f3n de la Seguridad y Salud en el Trabajo SG-SST. Este sistema consiste en el desarrollo de un proceso l\u00f3gico y por etapas, basado en la mejora continua y [&hellip;]\" \/>\n<meta property=\"og:url\" content=\"https:\/\/www.cosmitet.net\/Cosmitet\/nuestros-servicios\/consulta-externa\/salud-ocupacional\/\" \/>\n<meta property=\"og:site_name\" content=\"Cosmitet Ltda.\" \/>\n<meta property=\"article:modified_time\" content=\"2020-06-17T21:44:24+00:00\" \/>\n<meta name=\"twitter:card\" content=\"summary_large_image\" \/>\n<meta name=\"twitter:label1\" content=\"Est. reading time\">\n\t<meta name=\"twitter:data1\" content=\"2 minutos\">\n<script type=\"application\/ld+json\" class=\"yoast-schema-graph\">{\"@context\":\"https:\/\/schema.org\",\"@graph\":[{\"@type\":\"Organization\",\"@id\":\"https:\/\/www.cosmitet.net\/Cosmitet\/#organization\",\"name\":\"Corporaci\\u00f3n de Servicios M\\u00e9dicos Internacionales Them y Cia Ltda.\",\"url\":\"https:\/\/www.cosmitet.net\/Cosmitet\/\",\"sameAs\":[],\"logo\":{\"@type\":\"ImageObject\",\"@id\":\"https:\/\/www.cosmitet.net\/Cosmitet\/#logo\",\"inLanguage\":\"es-CO\",\"url\":\"https:\/\/www.cosmitet.net\/Cosmitet\/wp-content\/uploads\/2022\/08\/cosmitet-logo-25-anos-02.png\",\"width\":1773,\"height\":510,\"caption\":\"Corporaci\\u00f3n de Servicios M\\u00e9dicos Internacionales Them y Cia Ltda.\"},\"image\":{\"@id\":\"https:\/\/www.cosmitet.net\/Cosmitet\/#logo\"}},{\"@type\":\"WebSite\",\"@id\":\"https:\/\/www.cosmitet.net\/Cosmitet\/#website\",\"url\":\"https:\/\/www.cosmitet.net\/Cosmitet\/\",\"name\":\"Cosmitet Ltda.\",\"description\":\"Corporaci\\u00f3n de Servicios M\\u00e9dicos Internacionales Them y C\\u00eda. Ltda.\",\"publisher\":{\"@id\":\"https:\/\/www.cosmitet.net\/Cosmitet\/#organization\"},\"potentialAction\":[{\"@type\":\"SearchAction\",\"target\":\"https:\/\/www.cosmitet.net\/Cosmitet\/?s={search_term_string}\",\"query-input\":\"required name=search_term_string\"}],\"inLanguage\":\"es-CO\"},{\"@type\":\"WebPage\",\"@id\":\"https:\/\/www.cosmitet.net\/Cosmitet\/nuestros-servicios\/consulta-externa\/salud-ocupacional\/#webpage\",\"url\":\"https:\/\/www.cosmitet.net\/Cosmitet\/nuestros-servicios\/consulta-externa\/salud-ocupacional\/\",\"name\":\"Salud Ocupacional | Cosmitet Ltda.\",\"isPartOf\":{\"@id\":\"https:\/\/www.cosmitet.net\/Cosmitet\/#website\"},\"datePublished\":\"2020-06-10T20:43:03+00:00\",\"dateModified\":\"2020-06-17T21:44:24+00:00\",\"breadcrumb\":{\"@id\":\"https:\/\/www.cosmitet.net\/Cosmitet\/nuestros-servicios\/consulta-externa\/salud-ocupacional\/#breadcrumb\"},\"inLanguage\":\"es-CO\",\"potentialAction\":[{\"@type\":\"ReadAction\",\"target\":[\"https:\/\/www.cosmitet.net\/Cosmitet\/nuestros-servicios\/consulta-externa\/salud-ocupacional\/\"]}]},{\"@type\":\"BreadcrumbList\",\"@id\":\"https:\/\/www.cosmitet.net\/Cosmitet\/nuestros-servicios\/consulta-externa\/salud-ocupacional\/#breadcrumb\",\"itemListElement\":[{\"@type\":\"ListItem\",\"position\":1,\"item\":{\"@type\":\"WebPage\",\"@id\":\"https:\/\/www.cosmitet.net\/Cosmitet\/\",\"url\":\"https:\/\/www.cosmitet.net\/Cosmitet\/\",\"name\":\"Home\"}},{\"@type\":\"ListItem\",\"position\":2,\"item\":{\"@type\":\"WebPage\",\"@id\":\"https:\/\/www.cosmitet.net\/Cosmitet\/nuestros-servicios\/\",\"url\":\"https:\/\/www.cosmitet.net\/Cosmitet\/nuestros-servicios\/\",\"name\":\"Nuestros Servicios\"}},{\"@type\":\"ListItem\",\"position\":3,\"item\":{\"@type\":\"WebPage\",\"@id\":\"https:\/\/www.cosmitet.net\/Cosmitet\/nuestros-servicios\/consulta-externa\/\",\"url\":\"https:\/\/www.cosmitet.net\/Cosmitet\/nuestros-servicios\/consulta-externa\/\",\"name\":\"Consulta Externa\"}},{\"@type\":\"ListItem\",\"position\":4,\"item\":{\"@type\":\"WebPage\",\"@id\":\"https:\/\/www.cosmitet.net\/Cosmitet\/nuestros-servicios\/consulta-externa\/salud-ocupacional\/\",\"url\":\"https:\/\/www.cosmitet.net\/Cosmitet\/nuestros-servicios\/consulta-externa\/salud-ocupacional\/\",\"name\":\"Salud Ocupacional\"}}]}]}<\/script>\n<!-- \/ Yoast SEO plugin. -->","_links":{"self":[{"href":"https:\/\/www.cosmitet.net\/Cosmitet\/wp-json\/wp\/v2\/pages\/1208"}],"collection":[{"href":"https:\/\/www.cosmitet.net\/Cosmitet\/wp-json\/wp\/v2\/pages"}],"about":[{"href":"https:\/\/www.cosmitet.net\/Cosmitet\/wp-json\/wp\/v2\/types\/page"}],"author":[{"embeddable":true,"href":"https:\/\/www.cosmitet.net\/Cosmitet\/wp-json\/wp\/v2\/users\/3"}],"replies":[{"embeddable":true,"href":"https:\/\/www.cosmitet.net\/Cosmitet\/wp-json\/wp\/v2\/comments?post=1208"}],"version-history":[{"count":19,"href":"https:\/\/www.cosmitet.net\/Cosmitet\/wp-json\/wp\/v2\/pages\/1208\/revisions"}],"predecessor-version":[{"id":1868,"href":"https:\/\/www.cosmitet.net\/Cosmitet\/wp-json\/wp\/v2\/pages\/1208\/revisions\/1868"}],"up":[{"embeddable":true,"href":"https:\/\/www.cosmitet.net\/Cosmitet\/wp-json\/wp\/v2\/pages\/671"}],"wp:attachment":[{"href":"https:\/\/www.cosmitet.net\/Cosmitet\/wp-json\/wp\/v2\/media?parent=1208"}],"wp:term":[{"taxonomy":"category","embeddable":true,"href":"https:\/\/www.cosmitet.net\/Cosmitet\/wp-json\/wp\/v2\/categories?post=1208"},{"taxonomy":"post_tag","embeddable":true,"href":"https:\/\/www.cosmitet.net\/Cosmitet\/wp-json\/wp\/v2\/tags?post=1208"}],"curies":[{"name":"wp","href":"https:\/\/api.w.org\/{rel}","templated":true}]}}