{"id":1226,"date":"2020-06-10T21:29:30","date_gmt":"2020-06-10T21:29:30","guid":{"rendered":"http:\/\/web.cosmitet.net\/Cosmitet\/?page_id=1226"},"modified":"2024-05-07T14:51:39","modified_gmt":"2024-05-07T19:51:39","slug":"banco-de-sangre","status":"publish","type":"page","link":"https:\/\/www.cosmitet.net\/Cosmitet\/nuestros-servicios\/apoyos-diagnosticos\/banco-de-sangre\/","title":{"rendered":"Banco de Sangre"},"content":{"rendered":"\t\t<div data-elementor-type=\"wp-page\" data-elementor-id=\"1226\" class=\"elementor elementor-1226\">\n\t\t\t\t\t\t\t\t\t<section class=\"elementor-section elementor-top-section elementor-element elementor-element-c7e37b6 elementor-section-height-min-height elementor-section-boxed elementor-section-height-default elementor-section-items-middle\" data-id=\"c7e37b6\" data-element_type=\"section\" data-settings=\"{&quot;background_background&quot;:&quot;classic&quot;}\">\n\t\t\t\t\t\t<div class=\"elementor-container elementor-column-gap-default\">\n\t\t\t\t\t<div class=\"elementor-column elementor-col-100 elementor-top-column elementor-element elementor-element-db691da\" data-id=\"db691da\" data-element_type=\"column\">\n\t\t\t<div class=\"elementor-widget-wrap elementor-element-populated\">\n\t\t\t\t\t\t\t\t<div class=\"elementor-element elementor-element-b6680bd elementor-widget elementor-widget-heading\" data-id=\"b6680bd\" data-element_type=\"widget\" data-widget_type=\"heading.default\">\n\t\t\t\t<div class=\"elementor-widget-container\">\n\t\t\t<h2 class=\"elementor-heading-title elementor-size-default\">Banco de sangre<\/h2>\t\t<\/div>\n\t\t\t\t<\/div>\n\t\t\t\t<div class=\"elementor-element elementor-element-6b166aa elementor-widget-divider--view-line elementor-widget elementor-widget-divider\" data-id=\"6b166aa\" data-element_type=\"widget\" data-widget_type=\"divider.default\">\n\t\t\t\t<div class=\"elementor-widget-container\">\n\t\t\t\t\t<div class=\"elementor-divider\">\n\t\t\t<span class=\"elementor-divider-separator\">\n\t\t\t\t\t\t<\/span>\n\t\t<\/div>\n\t\t\t\t<\/div>\n\t\t\t\t<\/div>\n\t\t\t\t<section class=\"elementor-section elementor-inner-section elementor-element elementor-element-d7d004f elementor-section-boxed elementor-section-height-default elementor-section-height-default\" data-id=\"d7d004f\" data-element_type=\"section\">\n\t\t\t\t\t\t<div class=\"elementor-container elementor-column-gap-default\">\n\t\t\t\t\t<div class=\"elementor-column elementor-col-50 elementor-inner-column elementor-element elementor-element-5692b9c\" data-id=\"5692b9c\" data-element_type=\"column\">\n\t\t\t<div class=\"elementor-widget-wrap elementor-element-populated\">\n\t\t\t\t\t\t\t\t<div class=\"elementor-element elementor-element-44f2929 elementor-widget elementor-widget-text-editor\" data-id=\"44f2929\" data-element_type=\"widget\" data-widget_type=\"text-editor.default\">\n\t\t\t\t<div class=\"elementor-widget-container\">\n\t\t\t\t\t\t\t<p>El Banco de Sangre de la Cl\u00ednica Rey David se caracteriza por prestar servicios con calidez humana con una tecnolog\u00eda apropiada para obtener componentes sangu\u00edneos de alta calidad, disponiendo de recurso humano competente y comprometido con sus usuarios, previniendo as\u00ed los efectos adversos tanto para los donantes como para los pacientes a los cuales va dirigida nuestra materia prima.<\/p><p>El proceso Gesti\u00f3n Banco de Sangre tiene varios subprocesos como son:<\/p><p><strong>CAPTACI\u00d3N DE DONANTES<\/strong>\u00a0Para la captaci\u00f3n de donantes se hace un contacto inicial donde se sensibiliza al donante potencial y se solicita su colaboraci\u00f3n teniendo en cuenta los criterios de inclusi\u00f3n y exclusi\u00f3n. La captaci\u00f3n de los donantes se puede realizar en diferentes lugares como en empresas, que son contactadas telef\u00f3nicamente para solicitar la colaboraci\u00f3n, estas son visitadas para realizar la sensibilizaci\u00f3n y poder conocer un n\u00famero estimado de donantes voluntarios.<\/p><p><strong>SELECCI\u00d3N DE DONANTES<\/strong>\u00a0Al donante se le solicita su documento de identidad para consultarlo en el sistema Delphyn, el cual nos reporta si en alg\u00fan momento se ha acercado a donar y en caso tal corrobora su identidad, luego se le entrega un informativo en el cual se indican los requisitos e impedimentos de la donaci\u00f3n,una vez le\u00edda la informaci\u00f3n se le hace entrega de la encuesta y se procede a la entrevista donde se verifican los datos que el donante ha consignado en ella; teniendo en cuenta los criterios de inclusi\u00f3n y exclusi\u00f3n, se toman los signos vitales (presi\u00f3n arterial, peso, temperatura) y la hemoglobina; si el donante es apto se procede a rotular las bolsas y tubos de recolecci\u00f3n con el n\u00famero de identificaci\u00f3n del donante, fecha de donaci\u00f3n y n\u00famero consecutivo de donaci\u00f3n (stikers), luego el donante se traslada a la sala de donaci\u00f3n donde nuevamente se verifica su n\u00famero de identidad por parte del flebotomista quien procede a realizar la extracci\u00f3n.<br \/>Terminada la donaci\u00f3n se explican las recomendaciones posteriores a la donaci\u00f3n, entregando al donante el formulario de autoexclusi\u00f3n y la encuesta de satisfacci\u00f3n. Los datos registrados en la encuesta son ingresados al Sistema Delphyn y la unidad de sangre es llevada al \u00e1rea de fraccionamiento para su respectivo proceso.<\/p>\t\t\t\t\t\t<\/div>\n\t\t\t\t<\/div>\n\t\t\t\t\t<\/div>\n\t\t<\/div>\n\t\t\t\t<div class=\"elementor-column elementor-col-50 elementor-inner-column elementor-element elementor-element-2e77095\" data-id=\"2e77095\" data-element_type=\"column\">\n\t\t\t<div class=\"elementor-widget-wrap elementor-element-populated\">\n\t\t\t\t\t\t\t\t<div class=\"elementor-element elementor-element-dcb1d43 elementor-widget elementor-widget-image\" data-id=\"dcb1d43\" data-element_type=\"widget\" data-widget_type=\"image.default\">\n\t\t\t\t<div class=\"elementor-widget-container\">\n\t\t\t\t\t\t\t\t\t\t\t\t\t\t\t<img decoding=\"async\" width=\"420\" height=\"263\" src=\"https:\/\/www.cosmitet.net\/Cosmitet\/wp-content\/uploads\/2020\/06\/cosmitet-ltda-banco-de-sangre-01.png\" class=\"attachment-large size-large\" alt=\"Banco de Sangre | Cosmitet Ltda.\" loading=\"lazy\" srcset=\"https:\/\/www.cosmitet.net\/Cosmitet\/wp-content\/uploads\/2020\/06\/cosmitet-ltda-banco-de-sangre-01.png 420w, https:\/\/www.cosmitet.net\/Cosmitet\/wp-content\/uploads\/2020\/06\/cosmitet-ltda-banco-de-sangre-01-300x188.png 300w, https:\/\/www.cosmitet.net\/Cosmitet\/wp-content\/uploads\/2020\/06\/cosmitet-ltda-banco-de-sangre-01-230x144.png 230w, https:\/\/www.cosmitet.net\/Cosmitet\/wp-content\/uploads\/2020\/06\/cosmitet-ltda-banco-de-sangre-01-350x219.png 350w\" sizes=\"(max-width: 420px) 100vw, 420px\" \/>\t\t\t\t\t\t\t\t\t\t\t\t\t\t\t<\/div>\n\t\t\t\t<\/div>\n\t\t\t\t\t<\/div>\n\t\t<\/div>\n\t\t\t\t\t\t\t<\/div>\n\t\t<\/section>\n\t\t\t\t\t<\/div>\n\t\t<\/div>\n\t\t\t\t\t\t\t<\/div>\n\t\t<\/section>\n\t\t\t\t\t\t\t<\/div>\n\t\t","protected":false},"excerpt":{"rendered":"<p>Banco de sangre El Banco de Sangre de la Cl\u00ednica Rey David se caracteriza por prestar servicios con calidez humana con una tecnolog\u00eda apropiada para obtener componentes sangu\u00edneos de alta calidad, disponiendo de recurso humano competente y comprometido con sus [&hellip;]<\/p>\n","protected":false},"author":3,"featured_media":0,"parent":673,"menu_order":0,"comment_status":"closed","ping_status":"closed","template":"page-templates\/page_front-page.php","meta":[],"categories":[],"tags":[],"yoast_head":"<!-- This site is optimized with the Yoast SEO plugin v15.9.1 - https:\/\/yoast.com\/wordpress\/plugins\/seo\/ -->\n<title>Banco de Sangre | Cosmitet Ltda.<\/title>\n<link rel=\"canonical\" href=\"https:\/\/www.cosmitet.net\/Cosmitet\/nuestros-servicios\/apoyos-diagnosticos\/banco-de-sangre\/\" \/>\n<meta property=\"og:locale\" content=\"es_ES\" \/>\n<meta property=\"og:type\" content=\"article\" \/>\n<meta property=\"og:title\" content=\"Banco de Sangre | Cosmitet Ltda.\" \/>\n<meta property=\"og:description\" content=\"Banco de sangre El Banco de Sangre de la Cl\u00ednica Rey David se caracteriza por prestar servicios con calidez humana con una tecnolog\u00eda apropiada para obtener componentes sangu\u00edneos de alta calidad, disponiendo de recurso humano competente y comprometido con sus [&hellip;]\" \/>\n<meta property=\"og:url\" content=\"https:\/\/www.cosmitet.net\/Cosmitet\/nuestros-servicios\/apoyos-diagnosticos\/banco-de-sangre\/\" \/>\n<meta property=\"og:site_name\" content=\"Cosmitet Ltda.\" \/>\n<meta property=\"article:modified_time\" content=\"2024-05-07T19:51:39+00:00\" \/>\n<meta name=\"twitter:card\" content=\"summary_large_image\" \/>\n<meta name=\"twitter:label1\" content=\"Est. reading time\">\n\t<meta name=\"twitter:data1\" content=\"2 minutos\">\n<script type=\"application\/ld+json\" class=\"yoast-schema-graph\">{\"@context\":\"https:\/\/schema.org\",\"@graph\":[{\"@type\":\"Organization\",\"@id\":\"https:\/\/www.cosmitet.net\/Cosmitet\/#organization\",\"name\":\"Corporaci\\u00f3n de Servicios M\\u00e9dicos Internacionales Them y Cia Ltda.\",\"url\":\"https:\/\/www.cosmitet.net\/Cosmitet\/\",\"sameAs\":[],\"logo\":{\"@type\":\"ImageObject\",\"@id\":\"https:\/\/www.cosmitet.net\/Cosmitet\/#logo\",\"inLanguage\":\"es-CO\",\"url\":\"https:\/\/www.cosmitet.net\/Cosmitet\/wp-content\/uploads\/2022\/08\/cosmitet-logo-25-anos-02.png\",\"width\":1773,\"height\":510,\"caption\":\"Corporaci\\u00f3n de Servicios M\\u00e9dicos Internacionales Them y Cia Ltda.\"},\"image\":{\"@id\":\"https:\/\/www.cosmitet.net\/Cosmitet\/#logo\"}},{\"@type\":\"WebSite\",\"@id\":\"https:\/\/www.cosmitet.net\/Cosmitet\/#website\",\"url\":\"https:\/\/www.cosmitet.net\/Cosmitet\/\",\"name\":\"Cosmitet Ltda.\",\"description\":\"Corporaci\\u00f3n de Servicios M\\u00e9dicos Internacionales Them y C\\u00eda. Ltda.\",\"publisher\":{\"@id\":\"https:\/\/www.cosmitet.net\/Cosmitet\/#organization\"},\"potentialAction\":[{\"@type\":\"SearchAction\",\"target\":\"https:\/\/www.cosmitet.net\/Cosmitet\/?s={search_term_string}\",\"query-input\":\"required name=search_term_string\"}],\"inLanguage\":\"es-CO\"},{\"@type\":\"ImageObject\",\"@id\":\"https:\/\/www.cosmitet.net\/Cosmitet\/nuestros-servicios\/apoyos-diagnosticos\/banco-de-sangre\/#primaryimage\",\"inLanguage\":\"es-CO\",\"url\":\"https:\/\/www.cosmitet.net\/Cosmitet\/wp-content\/uploads\/2020\/06\/cosmitet-ltda-banco-de-sangre-01.png\",\"width\":420,\"height\":263,\"caption\":\"Banco de Sangre | Cosmitet Ltda.\"},{\"@type\":\"WebPage\",\"@id\":\"https:\/\/www.cosmitet.net\/Cosmitet\/nuestros-servicios\/apoyos-diagnosticos\/banco-de-sangre\/#webpage\",\"url\":\"https:\/\/www.cosmitet.net\/Cosmitet\/nuestros-servicios\/apoyos-diagnosticos\/banco-de-sangre\/\",\"name\":\"Banco de Sangre | Cosmitet Ltda.\",\"isPartOf\":{\"@id\":\"https:\/\/www.cosmitet.net\/Cosmitet\/#website\"},\"primaryImageOfPage\":{\"@id\":\"https:\/\/www.cosmitet.net\/Cosmitet\/nuestros-servicios\/apoyos-diagnosticos\/banco-de-sangre\/#primaryimage\"},\"datePublished\":\"2020-06-10T21:29:30+00:00\",\"dateModified\":\"2024-05-07T19:51:39+00:00\",\"breadcrumb\":{\"@id\":\"https:\/\/www.cosmitet.net\/Cosmitet\/nuestros-servicios\/apoyos-diagnosticos\/banco-de-sangre\/#breadcrumb\"},\"inLanguage\":\"es-CO\",\"potentialAction\":[{\"@type\":\"ReadAction\",\"target\":[\"https:\/\/www.cosmitet.net\/Cosmitet\/nuestros-servicios\/apoyos-diagnosticos\/banco-de-sangre\/\"]}]},{\"@type\":\"BreadcrumbList\",\"@id\":\"https:\/\/www.cosmitet.net\/Cosmitet\/nuestros-servicios\/apoyos-diagnosticos\/banco-de-sangre\/#breadcrumb\",\"itemListElement\":[{\"@type\":\"ListItem\",\"position\":1,\"item\":{\"@type\":\"WebPage\",\"@id\":\"https:\/\/www.cosmitet.net\/Cosmitet\/\",\"url\":\"https:\/\/www.cosmitet.net\/Cosmitet\/\",\"name\":\"Home\"}},{\"@type\":\"ListItem\",\"position\":2,\"item\":{\"@type\":\"WebPage\",\"@id\":\"https:\/\/www.cosmitet.net\/Cosmitet\/nuestros-servicios\/\",\"url\":\"https:\/\/www.cosmitet.net\/Cosmitet\/nuestros-servicios\/\",\"name\":\"Nuestros Servicios\"}},{\"@type\":\"ListItem\",\"position\":3,\"item\":{\"@type\":\"WebPage\",\"@id\":\"https:\/\/www.cosmitet.net\/Cosmitet\/nuestros-servicios\/apoyos-diagnosticos\/\",\"url\":\"https:\/\/www.cosmitet.net\/Cosmitet\/nuestros-servicios\/apoyos-diagnosticos\/\",\"name\":\"Apoyos Diagnosticos\"}},{\"@type\":\"ListItem\",\"position\":4,\"item\":{\"@type\":\"WebPage\",\"@id\":\"https:\/\/www.cosmitet.net\/Cosmitet\/nuestros-servicios\/apoyos-diagnosticos\/banco-de-sangre\/\",\"url\":\"https:\/\/www.cosmitet.net\/Cosmitet\/nuestros-servicios\/apoyos-diagnosticos\/banco-de-sangre\/\",\"name\":\"Banco de Sangre\"}}]}]}<\/script>\n<!-- \/ Yoast SEO plugin. -->","_links":{"self":[{"href":"https:\/\/www.cosmitet.net\/Cosmitet\/wp-json\/wp\/v2\/pages\/1226"}],"collection":[{"href":"https:\/\/www.cosmitet.net\/Cosmitet\/wp-json\/wp\/v2\/pages"}],"about":[{"href":"https:\/\/www.cosmitet.net\/Cosmitet\/wp-json\/wp\/v2\/types\/page"}],"author":[{"embeddable":true,"href":"https:\/\/www.cosmitet.net\/Cosmitet\/wp-json\/wp\/v2\/users\/3"}],"replies":[{"embeddable":true,"href":"https:\/\/www.cosmitet.net\/Cosmitet\/wp-json\/wp\/v2\/comments?post=1226"}],"version-history":[{"count":42,"href":"https:\/\/www.cosmitet.net\/Cosmitet\/wp-json\/wp\/v2\/pages\/1226\/revisions"}],"predecessor-version":[{"id":11102,"href":"https:\/\/www.cosmitet.net\/Cosmitet\/wp-json\/wp\/v2\/pages\/1226\/revisions\/11102"}],"up":[{"embeddable":true,"href":"https:\/\/www.cosmitet.net\/Cosmitet\/wp-json\/wp\/v2\/pages\/673"}],"wp:attachment":[{"href":"https:\/\/www.cosmitet.net\/Cosmitet\/wp-json\/wp\/v2\/media?parent=1226"}],"wp:term":[{"taxonomy":"category","embeddable":true,"href":"https:\/\/www.cosmitet.net\/Cosmitet\/wp-json\/wp\/v2\/categories?post=1226"},{"taxonomy":"post_tag","embeddable":true,"href":"https:\/\/www.cosmitet.net\/Cosmitet\/wp-json\/wp\/v2\/tags?post=1226"}],"curies":[{"name":"wp","href":"https:\/\/api.w.org\/{rel}","templated":true}]}}