{"id":14992,"date":"2025-05-07T12:01:50","date_gmt":"2025-05-07T17:01:50","guid":{"rendered":"https:\/\/www.cosmitet.net\/Cosmitet\/?page_id=14992"},"modified":"2025-05-09T09:55:23","modified_gmt":"2025-05-09T14:55:23","slug":"prevencion-del-consumo-de-sustancias-psicoactivas","status":"publish","type":"page","link":"https:\/\/www.cosmitet.net\/Cosmitet\/usuarios\/educacion-al-usuario\/prevencion-del-consumo-de-sustancias-psicoactivas\/","title":{"rendered":"Prevenci\u00f3n del consumo de sustancias psicoactivas"},"content":{"rendered":"\t\t<div data-elementor-type=\"wp-page\" data-elementor-id=\"14992\" class=\"elementor elementor-14992\">\n\t\t\t\t\t\t\t\t\t<section class=\"elementor-section elementor-top-section elementor-element elementor-element-44c678d elementor-section-height-min-height elementor-section-boxed elementor-section-height-default elementor-section-items-middle\" data-id=\"44c678d\" data-element_type=\"section\" data-settings=\"{&quot;background_background&quot;:&quot;classic&quot;}\">\n\t\t\t\t\t\t<div class=\"elementor-container elementor-column-gap-default\">\n\t\t\t\t\t<div class=\"elementor-column elementor-col-50 elementor-top-column elementor-element elementor-element-e838cc0\" data-id=\"e838cc0\" data-element_type=\"column\">\n\t\t\t<div class=\"elementor-widget-wrap elementor-element-populated\">\n\t\t\t\t\t\t\t\t<div class=\"elementor-element elementor-element-abbcbc5 elementor-widget elementor-widget-heading\" data-id=\"abbcbc5\" data-element_type=\"widget\" data-widget_type=\"heading.default\">\n\t\t\t\t<div class=\"elementor-widget-container\">\n\t\t\t<h1 class=\"elementor-heading-title elementor-size-default\">PREVENCI\u00d3N DEL CONSUMO DE SUSTANCIAS PSICOACTIVAS<\/h1>\t\t<\/div>\n\t\t\t\t<\/div>\n\t\t\t\t<div class=\"elementor-element elementor-element-9aeb0bc elementor-widget-divider--view-line elementor-widget elementor-widget-divider\" data-id=\"9aeb0bc\" data-element_type=\"widget\" data-widget_type=\"divider.default\">\n\t\t\t\t<div class=\"elementor-widget-container\">\n\t\t\t\t\t<div class=\"elementor-divider\">\n\t\t\t<span class=\"elementor-divider-separator\">\n\t\t\t\t\t\t<\/span>\n\t\t<\/div>\n\t\t\t\t<\/div>\n\t\t\t\t<\/div>\n\t\t\t\t<div class=\"elementor-element elementor-element-57045aa elementor-widget elementor-widget-heading\" data-id=\"57045aa\" data-element_type=\"widget\" data-widget_type=\"heading.default\">\n\t\t\t\t<div class=\"elementor-widget-container\">\n\t\t\t<h2 class=\"elementor-heading-title elementor-size-default\">\u201cEl consumo de sustancias psicoactivas tiene serias repercusiones mantente a salvo y di NO.\u201d<\/h2>\t\t<\/div>\n\t\t\t\t<\/div>\n\t\t\t\t\t<\/div>\n\t\t<\/div>\n\t\t\t\t<div class=\"elementor-column elementor-col-50 elementor-top-column elementor-element elementor-element-8007725\" data-id=\"8007725\" data-element_type=\"column\">\n\t\t\t<div class=\"elementor-widget-wrap elementor-element-populated\">\n\t\t\t\t\t\t\t\t<div class=\"elementor-element elementor-element-94b52cd elementor-widget elementor-widget-spacer\" data-id=\"94b52cd\" data-element_type=\"widget\" data-widget_type=\"spacer.default\">\n\t\t\t\t<div class=\"elementor-widget-container\">\n\t\t\t\t\t<div class=\"elementor-spacer\">\n\t\t\t<div class=\"elementor-spacer-inner\"><\/div>\n\t\t<\/div>\n\t\t\t\t<\/div>\n\t\t\t\t<\/div>\n\t\t\t\t\t<\/div>\n\t\t<\/div>\n\t\t\t\t\t\t\t<\/div>\n\t\t<\/section>\n\t\t\t\t<section class=\"elementor-section elementor-top-section elementor-element elementor-element-50a279d elementor-section-boxed elementor-section-height-default elementor-section-height-default\" data-id=\"50a279d\" data-element_type=\"section\" data-settings=\"{&quot;background_background&quot;:&quot;classic&quot;}\">\n\t\t\t\t\t\t<div class=\"elementor-container elementor-column-gap-default\">\n\t\t\t\t\t<div class=\"elementor-column elementor-col-50 elementor-top-column elementor-element elementor-element-cab4c80\" data-id=\"cab4c80\" data-element_type=\"column\">\n\t\t\t<div class=\"elementor-widget-wrap elementor-element-populated\">\n\t\t\t\t\t\t\t\t<div class=\"elementor-element elementor-element-d3133f0 elementor-widget elementor-widget-heading\" data-id=\"d3133f0\" data-element_type=\"widget\" data-widget_type=\"heading.default\">\n\t\t\t\t<div class=\"elementor-widget-container\">\n\t\t\t<h1 class=\"elementor-heading-title elementor-size-default\">\u00bfQu\u00e9 es?<\/h1>\t\t<\/div>\n\t\t\t\t<\/div>\n\t\t\t\t<div class=\"elementor-element elementor-element-51eff29 elementor-widget-divider--view-line elementor-widget elementor-widget-divider\" data-id=\"51eff29\" data-element_type=\"widget\" data-widget_type=\"divider.default\">\n\t\t\t\t<div class=\"elementor-widget-container\">\n\t\t\t\t\t<div class=\"elementor-divider\">\n\t\t\t<span class=\"elementor-divider-separator\">\n\t\t\t\t\t\t<\/span>\n\t\t<\/div>\n\t\t\t\t<\/div>\n\t\t\t\t<\/div>\n\t\t\t\t<div class=\"elementor-element elementor-element-f330ecf elementor-widget elementor-widget-text-editor\" data-id=\"f330ecf\" data-element_type=\"widget\" data-widget_type=\"text-editor.default\">\n\t\t\t\t<div class=\"elementor-widget-container\">\n\t\t\t\t\t\t\t<p>El consumo de sustancias psicoactivas va m\u00e1s all\u00e1 del acto de consumirlas; tambi\u00e9n implica reconocer las realidades personales, familiares y sociales que llevan a una persona a recurrir a estas sustancias.<\/p><p>Existen varios factores de riesgo que pueden aumentar las probabilidades de que una persona busque y desarrolle una adicci\u00f3n a las sustancias psicoactivas. Estos incluyen:<\/p><ul><li>Problemas en el hogar, como violencia familiar.<\/li><li>Trastornos de salud mental no tratados.<\/li><li>Un estilo de vida estresante y ca\u00f3tico.<\/li><li>Problemas relacionados con el consumo de drogas por parte de familiares.<\/li><\/ul>\t\t\t\t\t\t<\/div>\n\t\t\t\t<\/div>\n\t\t\t\t\t<\/div>\n\t\t<\/div>\n\t\t\t\t<div class=\"elementor-column elementor-col-50 elementor-top-column elementor-element elementor-element-013d7b3\" data-id=\"013d7b3\" data-element_type=\"column\">\n\t\t\t<div class=\"elementor-widget-wrap elementor-element-populated\">\n\t\t\t\t\t\t\t\t<div class=\"elementor-element elementor-element-c0c5936 elementor-widget elementor-widget-image\" data-id=\"c0c5936\" data-element_type=\"widget\" data-widget_type=\"image.default\">\n\t\t\t\t<div class=\"elementor-widget-container\">\n\t\t\t\t\t\t\t\t\t\t\t\t\t\t\t<img decoding=\"async\" width=\"784\" height=\"563\" src=\"https:\/\/www.cosmitet.net\/Cosmitet\/wp-content\/uploads\/2025\/05\/cosmitet-ltda-educacion-al-usuario-consumo-de-sustancias-2.png\" class=\"attachment-large size-large\" alt=\"Cosmitet Ltda, Eduacion al usuario, consumo de sustancias\" loading=\"lazy\" srcset=\"https:\/\/www.cosmitet.net\/Cosmitet\/wp-content\/uploads\/2025\/05\/cosmitet-ltda-educacion-al-usuario-consumo-de-sustancias-2.png 784w, https:\/\/www.cosmitet.net\/Cosmitet\/wp-content\/uploads\/2025\/05\/cosmitet-ltda-educacion-al-usuario-consumo-de-sustancias-2-300x215.png 300w, https:\/\/www.cosmitet.net\/Cosmitet\/wp-content\/uploads\/2025\/05\/cosmitet-ltda-educacion-al-usuario-consumo-de-sustancias-2-768x552.png 768w, https:\/\/www.cosmitet.net\/Cosmitet\/wp-content\/uploads\/2025\/05\/cosmitet-ltda-educacion-al-usuario-consumo-de-sustancias-2-230x165.png 230w, https:\/\/www.cosmitet.net\/Cosmitet\/wp-content\/uploads\/2025\/05\/cosmitet-ltda-educacion-al-usuario-consumo-de-sustancias-2-350x251.png 350w, https:\/\/www.cosmitet.net\/Cosmitet\/wp-content\/uploads\/2025\/05\/cosmitet-ltda-educacion-al-usuario-consumo-de-sustancias-2-480x345.png 480w\" sizes=\"(max-width: 784px) 100vw, 784px\" \/>\t\t\t\t\t\t\t\t\t\t\t\t\t\t\t<\/div>\n\t\t\t\t<\/div>\n\t\t\t\t\t<\/div>\n\t\t<\/div>\n\t\t\t\t\t\t\t<\/div>\n\t\t<\/section>\n\t\t\t\t<section class=\"elementor-section elementor-top-section elementor-element elementor-element-f460387 elementor-section-boxed elementor-section-height-default elementor-section-height-default\" data-id=\"f460387\" data-element_type=\"section\" data-settings=\"{&quot;background_background&quot;:&quot;classic&quot;}\">\n\t\t\t\t\t\t<div class=\"elementor-container elementor-column-gap-default\">\n\t\t\t\t\t<div class=\"elementor-column elementor-col-50 elementor-top-column elementor-element elementor-element-740e610\" data-id=\"740e610\" data-element_type=\"column\">\n\t\t\t<div class=\"elementor-widget-wrap elementor-element-populated\">\n\t\t\t\t\t\t\t\t<div class=\"elementor-element elementor-element-9b09fe7 elementor-widget elementor-widget-image\" data-id=\"9b09fe7\" data-element_type=\"widget\" data-widget_type=\"image.default\">\n\t\t\t\t<div class=\"elementor-widget-container\">\n\t\t\t\t\t\t\t\t\t\t\t\t\t\t\t<img decoding=\"async\" width=\"784\" height=\"613\" src=\"https:\/\/www.cosmitet.net\/Cosmitet\/wp-content\/uploads\/2025\/05\/cosmitet-ltda-educacion-al-usuario-consumo-de-sustancias-3.png\" class=\"attachment-large size-large\" alt=\"Cosmitet Ltda, Eduacion al usuario, consumo de sustancias\" loading=\"lazy\" srcset=\"https:\/\/www.cosmitet.net\/Cosmitet\/wp-content\/uploads\/2025\/05\/cosmitet-ltda-educacion-al-usuario-consumo-de-sustancias-3.png 784w, https:\/\/www.cosmitet.net\/Cosmitet\/wp-content\/uploads\/2025\/05\/cosmitet-ltda-educacion-al-usuario-consumo-de-sustancias-3-300x235.png 300w, https:\/\/www.cosmitet.net\/Cosmitet\/wp-content\/uploads\/2025\/05\/cosmitet-ltda-educacion-al-usuario-consumo-de-sustancias-3-768x600.png 768w, https:\/\/www.cosmitet.net\/Cosmitet\/wp-content\/uploads\/2025\/05\/cosmitet-ltda-educacion-al-usuario-consumo-de-sustancias-3-230x180.png 230w, https:\/\/www.cosmitet.net\/Cosmitet\/wp-content\/uploads\/2025\/05\/cosmitet-ltda-educacion-al-usuario-consumo-de-sustancias-3-350x274.png 350w, https:\/\/www.cosmitet.net\/Cosmitet\/wp-content\/uploads\/2025\/05\/cosmitet-ltda-educacion-al-usuario-consumo-de-sustancias-3-480x375.png 480w\" sizes=\"(max-width: 784px) 100vw, 784px\" \/>\t\t\t\t\t\t\t\t\t\t\t\t\t\t\t<\/div>\n\t\t\t\t<\/div>\n\t\t\t\t\t<\/div>\n\t\t<\/div>\n\t\t\t\t<div class=\"elementor-column elementor-col-50 elementor-top-column elementor-element elementor-element-f941b6f\" data-id=\"f941b6f\" data-element_type=\"column\">\n\t\t\t<div class=\"elementor-widget-wrap elementor-element-populated\">\n\t\t\t\t\t\t\t\t<div class=\"elementor-element elementor-element-a9e2853 elementor-widget elementor-widget-heading\" data-id=\"a9e2853\" data-element_type=\"widget\" data-widget_type=\"heading.default\">\n\t\t\t\t<div class=\"elementor-widget-container\">\n\t\t\t<h1 class=\"elementor-heading-title elementor-size-default\">Prevenci\u00f3n<\/h1>\t\t<\/div>\n\t\t\t\t<\/div>\n\t\t\t\t<div class=\"elementor-element elementor-element-82e3e3e elementor-widget-divider--view-line elementor-widget elementor-widget-divider\" data-id=\"82e3e3e\" data-element_type=\"widget\" data-widget_type=\"divider.default\">\n\t\t\t\t<div class=\"elementor-widget-container\">\n\t\t\t\t\t<div class=\"elementor-divider\">\n\t\t\t<span class=\"elementor-divider-separator\">\n\t\t\t\t\t\t<\/span>\n\t\t<\/div>\n\t\t\t\t<\/div>\n\t\t\t\t<\/div>\n\t\t\t\t<div class=\"elementor-element elementor-element-a948fef elementor-widget elementor-widget-text-editor\" data-id=\"a948fef\" data-element_type=\"widget\" data-widget_type=\"text-editor.default\">\n\t\t\t\t<div class=\"elementor-widget-container\">\n\t\t\t\t\t\t\t<p style=\"text-align: right;\">La prevenci\u00f3n es una herramienta fundamental para evitar que las personas enfrenten las graves consecuencias de las adicciones. Tanto a corto como a largo plazo, los efectos pueden ser devastadores, impactando profundamente la calidad de vida del individuo y su entorno social.<\/p>\t\t\t\t\t\t<\/div>\n\t\t\t\t<\/div>\n\t\t\t\t<div class=\"elementor-element elementor-element-8ad282d elementor-align-justify elementor-widget elementor-widget-button\" data-id=\"8ad282d\" data-element_type=\"widget\" data-widget_type=\"button.default\">\n\t\t\t\t<div class=\"elementor-widget-container\">\n\t\t\t\t\t<div class=\"elementor-button-wrapper\">\n\t\t\t<a href=\"https:\/\/www.cosmitet.net\/Cosmitet\/wp-content\/uploads\/2025\/05\/Prevenci\u0e02n-del-consumo-de-sustancias-psicoactivas.pdf\" target=\"_blank\" class=\"elementor-button-link elementor-button elementor-size-md\" role=\"button\">\n\t\t\t\t\t\t<span class=\"elementor-button-content-wrapper\">\n\t\t\t\t\t\t\t<span class=\"elementor-button-icon elementor-align-icon-left\">\n\t\t\t\t<i aria-hidden=\"true\" class=\"far fa-file-alt\"><\/i>\t\t\t<\/span>\n\t\t\t\t\t\t<span class=\"elementor-button-text\">Prevenci\u00f3n del consumo de sustancias psicoactivas<\/span>\n\t\t<\/span>\n\t\t\t\t\t<\/a>\n\t\t<\/div>\n\t\t\t\t<\/div>\n\t\t\t\t<\/div>\n\t\t\t\t<div class=\"elementor-element elementor-element-e0e5e59 elementor-align-justify elementor-widget elementor-widget-button\" data-id=\"e0e5e59\" data-element_type=\"widget\" data-widget_type=\"button.default\">\n\t\t\t\t<div class=\"elementor-widget-container\">\n\t\t\t\t\t<div class=\"elementor-button-wrapper\">\n\t\t\t<a href=\"https:\/\/www.cosmitet.net\/Cosmitet\/wp-content\/uploads\/2025\/05\/Prevenci\u0e02n-del-consumo-de-alcohol.pdf\" target=\"_blank\" class=\"elementor-button-link elementor-button elementor-size-md\" role=\"button\">\n\t\t\t\t\t\t<span class=\"elementor-button-content-wrapper\">\n\t\t\t\t\t\t\t<span class=\"elementor-button-icon elementor-align-icon-left\">\n\t\t\t\t<i aria-hidden=\"true\" class=\"far fa-file-alt\"><\/i>\t\t\t<\/span>\n\t\t\t\t\t\t<span class=\"elementor-button-text\">Prevenci\u00f3n del consumo de alcohol<\/span>\n\t\t<\/span>\n\t\t\t\t\t<\/a>\n\t\t<\/div>\n\t\t\t\t<\/div>\n\t\t\t\t<\/div>\n\t\t\t\t<div class=\"elementor-element elementor-element-b029ddf elementor-widget elementor-widget-text-editor\" data-id=\"b029ddf\" data-element_type=\"widget\" data-widget_type=\"text-editor.default\">\n\t\t\t\t<div class=\"elementor-widget-container\">\n\t\t\t\t\t\t\t<p style=\"text-align: right;\">A continuaci\u00f3n, encontrar\u00e1 informaci\u00f3n m\u00e1s detallada:<\/p>\t\t\t\t\t\t<\/div>\n\t\t\t\t<\/div>\n\t\t\t\t<div class=\"elementor-element elementor-element-fb7b41a elementor-align-justify elementor-widget elementor-widget-button\" data-id=\"fb7b41a\" data-element_type=\"widget\" data-widget_type=\"button.default\">\n\t\t\t\t<div class=\"elementor-widget-container\">\n\t\t\t\t\t<div class=\"elementor-button-wrapper\">\n\t\t\t<a href=\"https:\/\/www.cosmitet.net\/Cosmitet\/wp-content\/uploads\/2025\/05\/Guia-Prevencion-del-consumo-de-sustancias-psicoactivas-y-alcohol.pdf\" target=\"_blank\" class=\"elementor-button-link elementor-button elementor-size-md\" role=\"button\">\n\t\t\t\t\t\t<span class=\"elementor-button-content-wrapper\">\n\t\t\t\t\t\t\t<span class=\"elementor-button-icon elementor-align-icon-left\">\n\t\t\t\t<i aria-hidden=\"true\" class=\"far fa-file-alt\"><\/i>\t\t\t<\/span>\n\t\t\t\t\t\t<span class=\"elementor-button-text\">Gu\u00eda - Prevencio\u0301n del consumo de sustancias\u2028psicoactivas y alcohol<\/span>\n\t\t<\/span>\n\t\t\t\t\t<\/a>\n\t\t<\/div>\n\t\t\t\t<\/div>\n\t\t\t\t<\/div>\n\t\t\t\t\t<\/div>\n\t\t<\/div>\n\t\t\t\t\t\t\t<\/div>\n\t\t<\/section>\n\t\t\t\t<section class=\"elementor-section elementor-top-section elementor-element elementor-element-115564d elementor-section-height-min-height elementor-section-boxed elementor-section-height-default elementor-section-items-middle\" data-id=\"115564d\" data-element_type=\"section\" data-settings=\"{&quot;background_background&quot;:&quot;classic&quot;}\">\n\t\t\t\t\t\t<div class=\"elementor-container elementor-column-gap-default\">\n\t\t\t\t\t<div class=\"elementor-column elementor-col-100 elementor-top-column elementor-element elementor-element-e258bfd\" data-id=\"e258bfd\" data-element_type=\"column\">\n\t\t\t<div class=\"elementor-widget-wrap elementor-element-populated\">\n\t\t\t\t\t\t\t\t<div class=\"elementor-element elementor-element-a9ff041 elementor-widget elementor-widget-heading\" data-id=\"a9ff041\" data-element_type=\"widget\" data-widget_type=\"heading.default\">\n\t\t\t\t<div class=\"elementor-widget-container\">\n\t\t\t<h2 class=\"elementor-heading-title elementor-size-default\">Conoce nuestra sede<\/h2>\t\t<\/div>\n\t\t\t\t<\/div>\n\t\t\t\t<div class=\"elementor-element elementor-element-158f150 elementor-widget-divider--view-line elementor-widget elementor-widget-divider\" data-id=\"158f150\" data-element_type=\"widget\" data-widget_type=\"divider.default\">\n\t\t\t\t<div class=\"elementor-widget-container\">\n\t\t\t\t\t<div class=\"elementor-divider\">\n\t\t\t<span class=\"elementor-divider-separator\">\n\t\t\t\t\t\t<\/span>\n\t\t<\/div>\n\t\t\t\t<\/div>\n\t\t\t\t<\/div>\n\t\t\t\t<section class=\"elementor-section elementor-inner-section elementor-element elementor-element-535ea05 elementor-section-boxed elementor-section-height-default elementor-section-height-default\" data-id=\"535ea05\" data-element_type=\"section\" data-settings=\"{&quot;background_background&quot;:&quot;classic&quot;}\">\n\t\t\t\t\t\t<div class=\"elementor-container elementor-column-gap-default\">\n\t\t\t\t\t<div class=\"elementor-column elementor-col-50 elementor-inner-column elementor-element elementor-element-04bd116\" data-id=\"04bd116\" data-element_type=\"column\">\n\t\t\t<div class=\"elementor-widget-wrap elementor-element-populated\">\n\t\t\t\t\t\t\t\t<div class=\"elementor-element elementor-element-d44c610 elementor-aspect-ratio-169 elementor-widget elementor-widget-video\" data-id=\"d44c610\" data-element_type=\"widget\" data-settings=\"{&quot;youtube_url&quot;:&quot;https:\\\/\\\/www.youtube.com\\\/watch?v=WQDu638Qano&amp;t=16s&quot;,&quot;video_type&quot;:&quot;youtube&quot;,&quot;controls&quot;:&quot;yes&quot;,&quot;aspect_ratio&quot;:&quot;169&quot;}\" data-widget_type=\"video.default\">\n\t\t\t\t<div class=\"elementor-widget-container\">\n\t\t\t\t\t<div class=\"elementor-wrapper elementor-fit-aspect-ratio elementor-open-inline\">\n\t\t\t<div class=\"elementor-video\"><\/div>\t\t<\/div>\n\t\t\t\t<\/div>\n\t\t\t\t<\/div>\n\t\t\t\t\t<\/div>\n\t\t<\/div>\n\t\t\t\t<div class=\"elementor-column elementor-col-50 elementor-inner-column elementor-element elementor-element-68b0807\" data-id=\"68b0807\" data-element_type=\"column\">\n\t\t\t<div class=\"elementor-widget-wrap elementor-element-populated\">\n\t\t\t\t\t\t\t\t<div class=\"elementor-element elementor-element-eee046e elementor-aspect-ratio-169 elementor-widget elementor-widget-video\" data-id=\"eee046e\" data-element_type=\"widget\" data-settings=\"{&quot;youtube_url&quot;:&quot;https:\\\/\\\/www.youtube.com\\\/watch?v=BSgHD7RTonI&quot;,&quot;video_type&quot;:&quot;youtube&quot;,&quot;controls&quot;:&quot;yes&quot;,&quot;aspect_ratio&quot;:&quot;169&quot;}\" data-widget_type=\"video.default\">\n\t\t\t\t<div class=\"elementor-widget-container\">\n\t\t\t\t\t<div class=\"elementor-wrapper elementor-fit-aspect-ratio elementor-open-inline\">\n\t\t\t<div class=\"elementor-video\"><\/div>\t\t<\/div>\n\t\t\t\t<\/div>\n\t\t\t\t<\/div>\n\t\t\t\t\t<\/div>\n\t\t<\/div>\n\t\t\t\t\t\t\t<\/div>\n\t\t<\/section>\n\t\t\t\t\t<\/div>\n\t\t<\/div>\n\t\t\t\t\t\t\t<\/div>\n\t\t<\/section>\n\t\t\t\t\t\t\t<\/div>\n\t\t","protected":false},"excerpt":{"rendered":"<p>PREVENCI\u00d3N DEL CONSUMO DE SUSTANCIAS PSICOACTIVAS \u201cEl consumo de sustancias psicoactivas tiene serias repercusiones mantente a salvo y di NO.\u201d \u00bfQu\u00e9 es? El consumo de sustancias psicoactivas va m\u00e1s all\u00e1 del acto de consumirlas; tambi\u00e9n implica reconocer las realidades personales, [&hellip;]<\/p>\n","protected":false},"author":3,"featured_media":15339,"parent":14445,"menu_order":0,"comment_status":"closed","ping_status":"closed","template":"page-templates\/page_front-page.php","meta":[],"categories":[35],"tags":[],"yoast_head":"<!-- This site is optimized with the Yoast SEO plugin v15.9.1 - https:\/\/yoast.com\/wordpress\/plugins\/seo\/ -->\n<title>Prevenci\u00f3n del consumo de sustancias psicoactivas | Cosmitet Ltda.<\/title>\n<link rel=\"canonical\" href=\"https:\/\/www.cosmitet.net\/Cosmitet\/usuarios\/educacion-al-usuario\/prevencion-del-consumo-de-sustancias-psicoactivas\/\" \/>\n<meta property=\"og:locale\" content=\"es_ES\" \/>\n<meta property=\"og:type\" content=\"article\" \/>\n<meta property=\"og:title\" content=\"Prevenci\u00f3n del consumo de sustancias psicoactivas | Cosmitet Ltda.\" \/>\n<meta property=\"og:description\" content=\"PREVENCI\u00d3N DEL CONSUMO DE SUSTANCIAS PSICOACTIVAS \u201cEl consumo de sustancias psicoactivas tiene serias repercusiones mantente a salvo y di NO.\u201d \u00bfQu\u00e9 es? El consumo de sustancias psicoactivas va m\u00e1s all\u00e1 del acto de consumirlas; tambi\u00e9n implica reconocer las realidades personales, [&hellip;]\" \/>\n<meta property=\"og:url\" content=\"https:\/\/www.cosmitet.net\/Cosmitet\/usuarios\/educacion-al-usuario\/prevencion-del-consumo-de-sustancias-psicoactivas\/\" \/>\n<meta property=\"og:site_name\" content=\"Cosmitet Ltda.\" \/>\n<meta property=\"article:modified_time\" content=\"2025-05-09T14:55:23+00:00\" \/>\n<meta property=\"og:image\" content=\"https:\/\/www.cosmitet.net\/Cosmitet\/wp-content\/uploads\/2025\/05\/cosmitet-ltda-eduacion-al-usuario-iconos-prevencion-consumo-sustancias-psicoactivas.png\" \/>\n\t<meta property=\"og:image:width\" content=\"388\" \/>\n\t<meta property=\"og:image:height\" content=\"160\" \/>\n<meta name=\"twitter:card\" content=\"summary_large_image\" \/>\n<meta name=\"twitter:label1\" content=\"Est. reading time\">\n\t<meta name=\"twitter:data1\" content=\"2 minutos\">\n<script type=\"application\/ld+json\" class=\"yoast-schema-graph\">{\"@context\":\"https:\/\/schema.org\",\"@graph\":[{\"@type\":\"Organization\",\"@id\":\"https:\/\/www.cosmitet.net\/Cosmitet\/#organization\",\"name\":\"Corporaci\\u00f3n de Servicios M\\u00e9dicos Internacionales Them y Cia Ltda.\",\"url\":\"https:\/\/www.cosmitet.net\/Cosmitet\/\",\"sameAs\":[],\"logo\":{\"@type\":\"ImageObject\",\"@id\":\"https:\/\/www.cosmitet.net\/Cosmitet\/#logo\",\"inLanguage\":\"es-CO\",\"url\":\"https:\/\/www.cosmitet.net\/Cosmitet\/wp-content\/uploads\/2022\/08\/cosmitet-logo-25-anos-02.png\",\"width\":1773,\"height\":510,\"caption\":\"Corporaci\\u00f3n de Servicios M\\u00e9dicos Internacionales Them y Cia Ltda.\"},\"image\":{\"@id\":\"https:\/\/www.cosmitet.net\/Cosmitet\/#logo\"}},{\"@type\":\"WebSite\",\"@id\":\"https:\/\/www.cosmitet.net\/Cosmitet\/#website\",\"url\":\"https:\/\/www.cosmitet.net\/Cosmitet\/\",\"name\":\"Cosmitet Ltda.\",\"description\":\"Corporaci\\u00f3n de Servicios M\\u00e9dicos Internacionales Them y C\\u00eda. Ltda.\",\"publisher\":{\"@id\":\"https:\/\/www.cosmitet.net\/Cosmitet\/#organization\"},\"potentialAction\":[{\"@type\":\"SearchAction\",\"target\":\"https:\/\/www.cosmitet.net\/Cosmitet\/?s={search_term_string}\",\"query-input\":\"required name=search_term_string\"}],\"inLanguage\":\"es-CO\"},{\"@type\":\"ImageObject\",\"@id\":\"https:\/\/www.cosmitet.net\/Cosmitet\/usuarios\/educacion-al-usuario\/prevencion-del-consumo-de-sustancias-psicoactivas\/#primaryimage\",\"inLanguage\":\"es-CO\",\"url\":\"https:\/\/www.cosmitet.net\/Cosmitet\/wp-content\/uploads\/2025\/05\/cosmitet-ltda-eduacion-al-usuario-iconos-prevencion-consumo-sustancias-psicoactivas.png\",\"width\":388,\"height\":160},{\"@type\":\"WebPage\",\"@id\":\"https:\/\/www.cosmitet.net\/Cosmitet\/usuarios\/educacion-al-usuario\/prevencion-del-consumo-de-sustancias-psicoactivas\/#webpage\",\"url\":\"https:\/\/www.cosmitet.net\/Cosmitet\/usuarios\/educacion-al-usuario\/prevencion-del-consumo-de-sustancias-psicoactivas\/\",\"name\":\"Prevenci\\u00f3n del consumo de sustancias psicoactivas | Cosmitet Ltda.\",\"isPartOf\":{\"@id\":\"https:\/\/www.cosmitet.net\/Cosmitet\/#website\"},\"primaryImageOfPage\":{\"@id\":\"https:\/\/www.cosmitet.net\/Cosmitet\/usuarios\/educacion-al-usuario\/prevencion-del-consumo-de-sustancias-psicoactivas\/#primaryimage\"},\"datePublished\":\"2025-05-07T17:01:50+00:00\",\"dateModified\":\"2025-05-09T14:55:23+00:00\",\"breadcrumb\":{\"@id\":\"https:\/\/www.cosmitet.net\/Cosmitet\/usuarios\/educacion-al-usuario\/prevencion-del-consumo-de-sustancias-psicoactivas\/#breadcrumb\"},\"inLanguage\":\"es-CO\",\"potentialAction\":[{\"@type\":\"ReadAction\",\"target\":[\"https:\/\/www.cosmitet.net\/Cosmitet\/usuarios\/educacion-al-usuario\/prevencion-del-consumo-de-sustancias-psicoactivas\/\"]}]},{\"@type\":\"BreadcrumbList\",\"@id\":\"https:\/\/www.cosmitet.net\/Cosmitet\/usuarios\/educacion-al-usuario\/prevencion-del-consumo-de-sustancias-psicoactivas\/#breadcrumb\",\"itemListElement\":[{\"@type\":\"ListItem\",\"position\":1,\"item\":{\"@type\":\"WebPage\",\"@id\":\"https:\/\/www.cosmitet.net\/Cosmitet\/\",\"url\":\"https:\/\/www.cosmitet.net\/Cosmitet\/\",\"name\":\"Home\"}},{\"@type\":\"ListItem\",\"position\":2,\"item\":{\"@type\":\"WebPage\",\"@id\":\"https:\/\/www.cosmitet.net\/Cosmitet\/usuarios\/\",\"url\":\"https:\/\/www.cosmitet.net\/Cosmitet\/usuarios\/\",\"name\":\"Usuarios\"}},{\"@type\":\"ListItem\",\"position\":3,\"item\":{\"@type\":\"WebPage\",\"@id\":\"https:\/\/www.cosmitet.net\/Cosmitet\/usuarios\/educacion-al-usuario\/\",\"url\":\"https:\/\/www.cosmitet.net\/Cosmitet\/usuarios\/educacion-al-usuario\/\",\"name\":\"Educaci\\u00f3n al usuario\"}},{\"@type\":\"ListItem\",\"position\":4,\"item\":{\"@type\":\"WebPage\",\"@id\":\"https:\/\/www.cosmitet.net\/Cosmitet\/usuarios\/educacion-al-usuario\/prevencion-del-consumo-de-sustancias-psicoactivas\/\",\"url\":\"https:\/\/www.cosmitet.net\/Cosmitet\/usuarios\/educacion-al-usuario\/prevencion-del-consumo-de-sustancias-psicoactivas\/\",\"name\":\"Prevenci\\u00f3n del consumo de sustancias psicoactivas\"}}]}]}<\/script>\n<!-- \/ Yoast SEO plugin. -->","_links":{"self":[{"href":"https:\/\/www.cosmitet.net\/Cosmitet\/wp-json\/wp\/v2\/pages\/14992"}],"collection":[{"href":"https:\/\/www.cosmitet.net\/Cosmitet\/wp-json\/wp\/v2\/pages"}],"about":[{"href":"https:\/\/www.cosmitet.net\/Cosmitet\/wp-json\/wp\/v2\/types\/page"}],"author":[{"embeddable":true,"href":"https:\/\/www.cosmitet.net\/Cosmitet\/wp-json\/wp\/v2\/users\/3"}],"replies":[{"embeddable":true,"href":"https:\/\/www.cosmitet.net\/Cosmitet\/wp-json\/wp\/v2\/comments?post=14992"}],"version-history":[{"count":17,"href":"https:\/\/www.cosmitet.net\/Cosmitet\/wp-json\/wp\/v2\/pages\/14992\/revisions"}],"predecessor-version":[{"id":15015,"href":"https:\/\/www.cosmitet.net\/Cosmitet\/wp-json\/wp\/v2\/pages\/14992\/revisions\/15015"}],"up":[{"embeddable":true,"href":"https:\/\/www.cosmitet.net\/Cosmitet\/wp-json\/wp\/v2\/pages\/14445"}],"wp:featuredmedia":[{"embeddable":true,"href":"https:\/\/www.cosmitet.net\/Cosmitet\/wp-json\/wp\/v2\/media\/15339"}],"wp:attachment":[{"href":"https:\/\/www.cosmitet.net\/Cosmitet\/wp-json\/wp\/v2\/media?parent=14992"}],"wp:term":[{"taxonomy":"category","embeddable":true,"href":"https:\/\/www.cosmitet.net\/Cosmitet\/wp-json\/wp\/v2\/categories?post=14992"},{"taxonomy":"post_tag","embeddable":true,"href":"https:\/\/www.cosmitet.net\/Cosmitet\/wp-json\/wp\/v2\/tags?post=14992"}],"curies":[{"name":"wp","href":"https:\/\/api.w.org\/{rel}","templated":true}]}}