{"id":15113,"date":"2025-05-08T11:42:07","date_gmt":"2025-05-08T16:42:07","guid":{"rendered":"https:\/\/www.cosmitet.net\/Cosmitet\/?page_id=15113"},"modified":"2025-05-09T09:52:37","modified_gmt":"2025-05-09T14:52:37","slug":"prevencion-de-caidas","status":"publish","type":"page","link":"https:\/\/www.cosmitet.net\/Cosmitet\/usuarios\/educacion-al-usuario\/prevencion-de-caidas\/","title":{"rendered":"Prevenci\u00f3n de ca\u00eddas"},"content":{"rendered":"\t\t<div data-elementor-type=\"wp-page\" data-elementor-id=\"15113\" class=\"elementor elementor-15113\">\n\t\t\t\t\t\t\t\t\t<section class=\"elementor-section elementor-top-section elementor-element elementor-element-44c678d elementor-section-height-min-height elementor-section-boxed elementor-section-height-default elementor-section-items-middle\" data-id=\"44c678d\" data-element_type=\"section\" data-settings=\"{&quot;background_background&quot;:&quot;classic&quot;}\">\n\t\t\t\t\t\t<div class=\"elementor-container elementor-column-gap-default\">\n\t\t\t\t\t<div class=\"elementor-column elementor-col-50 elementor-top-column elementor-element elementor-element-e838cc0\" data-id=\"e838cc0\" data-element_type=\"column\">\n\t\t\t<div class=\"elementor-widget-wrap elementor-element-populated\">\n\t\t\t\t\t\t\t\t<div class=\"elementor-element elementor-element-abbcbc5 elementor-widget elementor-widget-heading\" data-id=\"abbcbc5\" data-element_type=\"widget\" data-widget_type=\"heading.default\">\n\t\t\t\t<div class=\"elementor-widget-container\">\n\t\t\t<h1 class=\"elementor-heading-title elementor-size-default\">PREVENCI\u00d3N DE CA\u00cdDAS<\/h1>\t\t<\/div>\n\t\t\t\t<\/div>\n\t\t\t\t<div class=\"elementor-element elementor-element-9aeb0bc elementor-widget-divider--view-line elementor-widget elementor-widget-divider\" data-id=\"9aeb0bc\" data-element_type=\"widget\" data-widget_type=\"divider.default\">\n\t\t\t\t<div class=\"elementor-widget-container\">\n\t\t\t\t\t<div class=\"elementor-divider\">\n\t\t\t<span class=\"elementor-divider-separator\">\n\t\t\t\t\t\t<\/span>\n\t\t<\/div>\n\t\t\t\t<\/div>\n\t\t\t\t<\/div>\n\t\t\t\t<div class=\"elementor-element elementor-element-57045aa elementor-widget elementor-widget-heading\" data-id=\"57045aa\" data-element_type=\"widget\" data-widget_type=\"heading.default\">\n\t\t\t\t<div class=\"elementor-widget-container\">\n\t\t\t<h2 class=\"elementor-heading-title elementor-size-default\">\u201cMantener los espacios que habitamos organizados previene accidentes que podr\u00edan perjudicar nuestra calidad de vida\u201d<\/h2>\t\t<\/div>\n\t\t\t\t<\/div>\n\t\t\t\t\t<\/div>\n\t\t<\/div>\n\t\t\t\t<div class=\"elementor-column elementor-col-50 elementor-top-column elementor-element elementor-element-8007725\" data-id=\"8007725\" data-element_type=\"column\">\n\t\t\t<div class=\"elementor-widget-wrap elementor-element-populated\">\n\t\t\t\t\t\t\t\t<div class=\"elementor-element elementor-element-94b52cd elementor-widget elementor-widget-spacer\" data-id=\"94b52cd\" data-element_type=\"widget\" data-widget_type=\"spacer.default\">\n\t\t\t\t<div class=\"elementor-widget-container\">\n\t\t\t\t\t<div class=\"elementor-spacer\">\n\t\t\t<div class=\"elementor-spacer-inner\"><\/div>\n\t\t<\/div>\n\t\t\t\t<\/div>\n\t\t\t\t<\/div>\n\t\t\t\t\t<\/div>\n\t\t<\/div>\n\t\t\t\t\t\t\t<\/div>\n\t\t<\/section>\n\t\t\t\t<section class=\"elementor-section elementor-top-section elementor-element elementor-element-50a279d elementor-section-boxed elementor-section-height-default elementor-section-height-default\" data-id=\"50a279d\" data-element_type=\"section\" data-settings=\"{&quot;background_background&quot;:&quot;classic&quot;}\">\n\t\t\t\t\t\t<div class=\"elementor-container elementor-column-gap-default\">\n\t\t\t\t\t<div class=\"elementor-column elementor-col-50 elementor-top-column elementor-element elementor-element-cab4c80\" data-id=\"cab4c80\" data-element_type=\"column\">\n\t\t\t<div class=\"elementor-widget-wrap elementor-element-populated\">\n\t\t\t\t\t\t\t\t<div class=\"elementor-element elementor-element-d3133f0 elementor-widget elementor-widget-heading\" data-id=\"d3133f0\" data-element_type=\"widget\" data-widget_type=\"heading.default\">\n\t\t\t\t<div class=\"elementor-widget-container\">\n\t\t\t<h1 class=\"elementor-heading-title elementor-size-default\">\u00bfEn qu\u00e9 consiste?<\/h1>\t\t<\/div>\n\t\t\t\t<\/div>\n\t\t\t\t<div class=\"elementor-element elementor-element-51eff29 elementor-widget-divider--view-line elementor-widget elementor-widget-divider\" data-id=\"51eff29\" data-element_type=\"widget\" data-widget_type=\"divider.default\">\n\t\t\t\t<div class=\"elementor-widget-container\">\n\t\t\t\t\t<div class=\"elementor-divider\">\n\t\t\t<span class=\"elementor-divider-separator\">\n\t\t\t\t\t\t<\/span>\n\t\t<\/div>\n\t\t\t\t<\/div>\n\t\t\t\t<\/div>\n\t\t\t\t<div class=\"elementor-element elementor-element-f330ecf elementor-widget elementor-widget-text-editor\" data-id=\"f330ecf\" data-element_type=\"widget\" data-widget_type=\"text-editor.default\">\n\t\t\t\t<div class=\"elementor-widget-container\">\n\t\t\t\t\t\t\t<p>La prevenci\u00f3n de ca\u00eddas implica todas las pr\u00e1cticas relacionadas con la organizaci\u00f3n, el mantenimiento y los cuidados de los espacios f\u00edsicos en los que habitamos, transitamos o trabajamos en condiciones \u00f3ptimas. Esto ayuda a reducir la probabilidad de accidentes y a garantizar un entorno m\u00e1s seguro.<\/p>\t\t\t\t\t\t<\/div>\n\t\t\t\t<\/div>\n\t\t\t\t\t<\/div>\n\t\t<\/div>\n\t\t\t\t<div class=\"elementor-column elementor-col-50 elementor-top-column elementor-element elementor-element-013d7b3\" data-id=\"013d7b3\" data-element_type=\"column\">\n\t\t\t<div class=\"elementor-widget-wrap elementor-element-populated\">\n\t\t\t\t\t\t\t\t<div class=\"elementor-element elementor-element-c0c5936 elementor-widget elementor-widget-image\" data-id=\"c0c5936\" data-element_type=\"widget\" data-widget_type=\"image.default\">\n\t\t\t\t<div class=\"elementor-widget-container\">\n\t\t\t\t\t\t\t\t\t\t\t\t\t\t\t<img decoding=\"async\" width=\"784\" height=\"434\" src=\"https:\/\/www.cosmitet.net\/Cosmitet\/wp-content\/uploads\/2025\/05\/cosmitet-ltda-educacion-al-usuario-prevencion-caidas-2.png\" class=\"attachment-large size-large\" alt=\"Cosmitet Ltda, Educaci\u00f3n al paciente, Prevenci\u00f3n caidas\" loading=\"lazy\" srcset=\"https:\/\/www.cosmitet.net\/Cosmitet\/wp-content\/uploads\/2025\/05\/cosmitet-ltda-educacion-al-usuario-prevencion-caidas-2.png 784w, https:\/\/www.cosmitet.net\/Cosmitet\/wp-content\/uploads\/2025\/05\/cosmitet-ltda-educacion-al-usuario-prevencion-caidas-2-300x166.png 300w, https:\/\/www.cosmitet.net\/Cosmitet\/wp-content\/uploads\/2025\/05\/cosmitet-ltda-educacion-al-usuario-prevencion-caidas-2-768x425.png 768w, https:\/\/www.cosmitet.net\/Cosmitet\/wp-content\/uploads\/2025\/05\/cosmitet-ltda-educacion-al-usuario-prevencion-caidas-2-230x127.png 230w, https:\/\/www.cosmitet.net\/Cosmitet\/wp-content\/uploads\/2025\/05\/cosmitet-ltda-educacion-al-usuario-prevencion-caidas-2-350x194.png 350w, https:\/\/www.cosmitet.net\/Cosmitet\/wp-content\/uploads\/2025\/05\/cosmitet-ltda-educacion-al-usuario-prevencion-caidas-2-480x266.png 480w\" sizes=\"(max-width: 784px) 100vw, 784px\" \/>\t\t\t\t\t\t\t\t\t\t\t\t\t\t\t<\/div>\n\t\t\t\t<\/div>\n\t\t\t\t\t<\/div>\n\t\t<\/div>\n\t\t\t\t\t\t\t<\/div>\n\t\t<\/section>\n\t\t\t\t<section class=\"elementor-section elementor-top-section elementor-element elementor-element-f460387 elementor-section-boxed elementor-section-height-default elementor-section-height-default\" data-id=\"f460387\" data-element_type=\"section\" data-settings=\"{&quot;background_background&quot;:&quot;classic&quot;}\">\n\t\t\t\t\t\t<div class=\"elementor-container elementor-column-gap-default\">\n\t\t\t\t\t<div class=\"elementor-column elementor-col-50 elementor-top-column elementor-element elementor-element-740e610\" data-id=\"740e610\" data-element_type=\"column\">\n\t\t\t<div class=\"elementor-widget-wrap elementor-element-populated\">\n\t\t\t\t\t\t\t\t<div class=\"elementor-element elementor-element-9b09fe7 elementor-widget elementor-widget-image\" data-id=\"9b09fe7\" data-element_type=\"widget\" data-widget_type=\"image.default\">\n\t\t\t\t<div class=\"elementor-widget-container\">\n\t\t\t\t\t\t\t\t\t\t\t\t\t\t\t<img decoding=\"async\" width=\"784\" height=\"609\" src=\"https:\/\/www.cosmitet.net\/Cosmitet\/wp-content\/uploads\/2025\/05\/cosmitet-ltda-educacion-al-usuario-prevencion-caidas-3.png\" class=\"attachment-large size-large\" alt=\"Cosmitet Ltda, Educaci\u00f3n al paciente, Prevenci\u00f3n caidas\" loading=\"lazy\" srcset=\"https:\/\/www.cosmitet.net\/Cosmitet\/wp-content\/uploads\/2025\/05\/cosmitet-ltda-educacion-al-usuario-prevencion-caidas-3.png 784w, https:\/\/www.cosmitet.net\/Cosmitet\/wp-content\/uploads\/2025\/05\/cosmitet-ltda-educacion-al-usuario-prevencion-caidas-3-300x233.png 300w, https:\/\/www.cosmitet.net\/Cosmitet\/wp-content\/uploads\/2025\/05\/cosmitet-ltda-educacion-al-usuario-prevencion-caidas-3-768x597.png 768w, https:\/\/www.cosmitet.net\/Cosmitet\/wp-content\/uploads\/2025\/05\/cosmitet-ltda-educacion-al-usuario-prevencion-caidas-3-230x179.png 230w, https:\/\/www.cosmitet.net\/Cosmitet\/wp-content\/uploads\/2025\/05\/cosmitet-ltda-educacion-al-usuario-prevencion-caidas-3-350x272.png 350w, https:\/\/www.cosmitet.net\/Cosmitet\/wp-content\/uploads\/2025\/05\/cosmitet-ltda-educacion-al-usuario-prevencion-caidas-3-480x373.png 480w\" sizes=\"(max-width: 784px) 100vw, 784px\" \/>\t\t\t\t\t\t\t\t\t\t\t\t\t\t\t<\/div>\n\t\t\t\t<\/div>\n\t\t\t\t\t<\/div>\n\t\t<\/div>\n\t\t\t\t<div class=\"elementor-column elementor-col-50 elementor-top-column elementor-element elementor-element-f941b6f\" data-id=\"f941b6f\" data-element_type=\"column\">\n\t\t\t<div class=\"elementor-widget-wrap elementor-element-populated\">\n\t\t\t\t\t\t\t\t<div class=\"elementor-element elementor-element-a9e2853 elementor-widget elementor-widget-heading\" data-id=\"a9e2853\" data-element_type=\"widget\" data-widget_type=\"heading.default\">\n\t\t\t\t<div class=\"elementor-widget-container\">\n\t\t\t<h1 class=\"elementor-heading-title elementor-size-default\">Prevenci\u00f3n y\u2028como actuar<\/h1>\t\t<\/div>\n\t\t\t\t<\/div>\n\t\t\t\t<div class=\"elementor-element elementor-element-82e3e3e elementor-widget-divider--view-line elementor-widget elementor-widget-divider\" data-id=\"82e3e3e\" data-element_type=\"widget\" data-widget_type=\"divider.default\">\n\t\t\t\t<div class=\"elementor-widget-container\">\n\t\t\t\t\t<div class=\"elementor-divider\">\n\t\t\t<span class=\"elementor-divider-separator\">\n\t\t\t\t\t\t<\/span>\n\t\t<\/div>\n\t\t\t\t<\/div>\n\t\t\t\t<\/div>\n\t\t\t\t<div class=\"elementor-element elementor-element-a948fef elementor-widget elementor-widget-text-editor\" data-id=\"a948fef\" data-element_type=\"widget\" data-widget_type=\"text-editor.default\">\n\t\t\t\t<div class=\"elementor-widget-container\">\n\t\t\t\t\t\t\t<p style=\"text-align: right;\">Aunque tomemos todas las medidas preventivas necesarias, siempre existe la posibilidad de que ocurra una ca\u00edda. Por eso, es importante saber qu\u00e9 hacer en caso de un accidente, qu\u00e9 acciones evitar y c\u00f3mo diagnosticar adecuadamente a la persona afectada para ofrecerle la atenci\u00f3n correcta.<\/p>\t\t\t\t\t\t<\/div>\n\t\t\t\t<\/div>\n\t\t\t\t<div class=\"elementor-element elementor-element-8ad282d elementor-align-justify elementor-widget elementor-widget-button\" data-id=\"8ad282d\" data-element_type=\"widget\" data-widget_type=\"button.default\">\n\t\t\t\t<div class=\"elementor-widget-container\">\n\t\t\t\t\t<div class=\"elementor-button-wrapper\">\n\t\t\t<a href=\"https:\/\/www.cosmitet.net\/Cosmitet\/wp-content\/uploads\/2025\/05\/Consejos-para-prevenir-caidas-y-fracturas.pdf\" target=\"_blank\" class=\"elementor-button-link elementor-button elementor-size-md\" role=\"button\">\n\t\t\t\t\t\t<span class=\"elementor-button-content-wrapper\">\n\t\t\t\t\t\t\t<span class=\"elementor-button-icon elementor-align-icon-left\">\n\t\t\t\t<i aria-hidden=\"true\" class=\"far fa-file-alt\"><\/i>\t\t\t<\/span>\n\t\t\t\t\t\t<span class=\"elementor-button-text\">Consejos para prevenir ca\u00eddas y fractuas<\/span>\n\t\t<\/span>\n\t\t\t\t\t<\/a>\n\t\t<\/div>\n\t\t\t\t<\/div>\n\t\t\t\t<\/div>\n\t\t\t\t<div class=\"elementor-element elementor-element-e0e5e59 elementor-align-justify elementor-widget elementor-widget-button\" data-id=\"e0e5e59\" data-element_type=\"widget\" data-widget_type=\"button.default\">\n\t\t\t\t<div class=\"elementor-widget-container\">\n\t\t\t\t\t<div class=\"elementor-button-wrapper\">\n\t\t\t<a href=\"https:\/\/www.cosmitet.net\/Cosmitet\/wp-content\/uploads\/2025\/05\/Como-actuar-ante-una-caida.pdf\" target=\"_blank\" class=\"elementor-button-link elementor-button elementor-size-md\" role=\"button\">\n\t\t\t\t\t\t<span class=\"elementor-button-content-wrapper\">\n\t\t\t\t\t\t\t<span class=\"elementor-button-icon elementor-align-icon-left\">\n\t\t\t\t<i aria-hidden=\"true\" class=\"far fa-file-alt\"><\/i>\t\t\t<\/span>\n\t\t\t\t\t\t<span class=\"elementor-button-text\">Como actuar ante una caida<\/span>\n\t\t<\/span>\n\t\t\t\t\t<\/a>\n\t\t<\/div>\n\t\t\t\t<\/div>\n\t\t\t\t<\/div>\n\t\t\t\t<div class=\"elementor-element elementor-element-fb7b41a elementor-align-justify elementor-widget elementor-widget-button\" data-id=\"fb7b41a\" data-element_type=\"widget\" data-widget_type=\"button.default\">\n\t\t\t\t<div class=\"elementor-widget-container\">\n\t\t\t\t\t<div class=\"elementor-button-wrapper\">\n\t\t\t<a href=\"https:\/\/www.cosmitet.net\/Cosmitet\/wp-content\/uploads\/2025\/05\/Accidentes-por-caidas-al-mismo-nivel.pdf\" target=\"_blank\" class=\"elementor-button-link elementor-button elementor-size-md\" role=\"button\">\n\t\t\t\t\t\t<span class=\"elementor-button-content-wrapper\">\n\t\t\t\t\t\t\t<span class=\"elementor-button-icon elementor-align-icon-left\">\n\t\t\t\t<i aria-hidden=\"true\" class=\"far fa-file-alt\"><\/i>\t\t\t<\/span>\n\t\t\t\t\t\t<span class=\"elementor-button-text\">Accidentes por ca\u00eddas al mismo nivel<\/span>\n\t\t<\/span>\n\t\t\t\t\t<\/a>\n\t\t<\/div>\n\t\t\t\t<\/div>\n\t\t\t\t<\/div>\n\t\t\t\t\t<\/div>\n\t\t<\/div>\n\t\t\t\t\t\t\t<\/div>\n\t\t<\/section>\n\t\t\t\t\t\t\t<\/div>\n\t\t","protected":false},"excerpt":{"rendered":"<p>PREVENCI\u00d3N DE CA\u00cdDAS \u201cMantener los espacios que habitamos organizados previene accidentes que podr\u00edan perjudicar nuestra calidad de vida\u201d \u00bfEn qu\u00e9 consiste? La prevenci\u00f3n de ca\u00eddas implica todas las pr\u00e1cticas relacionadas con la organizaci\u00f3n, el mantenimiento y los cuidados de los [&hellip;]<\/p>\n","protected":false},"author":3,"featured_media":15338,"parent":14445,"menu_order":0,"comment_status":"closed","ping_status":"closed","template":"page-templates\/page_front-page.php","meta":[],"categories":[35],"tags":[],"yoast_head":"<!-- This site is optimized with the Yoast SEO plugin v15.9.1 - https:\/\/yoast.com\/wordpress\/plugins\/seo\/ -->\n<title>Prevenci\u00f3n de ca\u00eddas | Cosmitet Ltda.<\/title>\n<link rel=\"canonical\" href=\"https:\/\/www.cosmitet.net\/Cosmitet\/usuarios\/educacion-al-usuario\/prevencion-de-caidas\/\" \/>\n<meta property=\"og:locale\" content=\"es_ES\" \/>\n<meta property=\"og:type\" content=\"article\" \/>\n<meta property=\"og:title\" content=\"Prevenci\u00f3n de ca\u00eddas | Cosmitet Ltda.\" \/>\n<meta property=\"og:description\" content=\"PREVENCI\u00d3N DE CA\u00cdDAS \u201cMantener los espacios que habitamos organizados previene accidentes que podr\u00edan perjudicar nuestra calidad de vida\u201d \u00bfEn qu\u00e9 consiste? La prevenci\u00f3n de ca\u00eddas implica todas las pr\u00e1cticas relacionadas con la organizaci\u00f3n, el mantenimiento y los cuidados de los [&hellip;]\" \/>\n<meta property=\"og:url\" content=\"https:\/\/www.cosmitet.net\/Cosmitet\/usuarios\/educacion-al-usuario\/prevencion-de-caidas\/\" \/>\n<meta property=\"og:site_name\" content=\"Cosmitet Ltda.\" \/>\n<meta property=\"article:modified_time\" content=\"2025-05-09T14:52:37+00:00\" \/>\n<meta property=\"og:image\" content=\"https:\/\/www.cosmitet.net\/Cosmitet\/wp-content\/uploads\/2025\/05\/cosmitet-ltda-eduacion-al-usuario-iconos-prevencion-caIdas.png\" \/>\n\t<meta property=\"og:image:width\" content=\"388\" \/>\n\t<meta property=\"og:image:height\" content=\"160\" \/>\n<meta name=\"twitter:card\" content=\"summary_large_image\" \/>\n<meta name=\"twitter:label1\" content=\"Est. reading time\">\n\t<meta name=\"twitter:data1\" content=\"1 minuto\">\n<script type=\"application\/ld+json\" class=\"yoast-schema-graph\">{\"@context\":\"https:\/\/schema.org\",\"@graph\":[{\"@type\":\"Organization\",\"@id\":\"https:\/\/www.cosmitet.net\/Cosmitet\/#organization\",\"name\":\"Corporaci\\u00f3n de Servicios M\\u00e9dicos Internacionales Them y Cia Ltda.\",\"url\":\"https:\/\/www.cosmitet.net\/Cosmitet\/\",\"sameAs\":[],\"logo\":{\"@type\":\"ImageObject\",\"@id\":\"https:\/\/www.cosmitet.net\/Cosmitet\/#logo\",\"inLanguage\":\"es-CO\",\"url\":\"https:\/\/www.cosmitet.net\/Cosmitet\/wp-content\/uploads\/2022\/08\/cosmitet-logo-25-anos-02.png\",\"width\":1773,\"height\":510,\"caption\":\"Corporaci\\u00f3n de Servicios M\\u00e9dicos Internacionales Them y Cia Ltda.\"},\"image\":{\"@id\":\"https:\/\/www.cosmitet.net\/Cosmitet\/#logo\"}},{\"@type\":\"WebSite\",\"@id\":\"https:\/\/www.cosmitet.net\/Cosmitet\/#website\",\"url\":\"https:\/\/www.cosmitet.net\/Cosmitet\/\",\"name\":\"Cosmitet Ltda.\",\"description\":\"Corporaci\\u00f3n de Servicios M\\u00e9dicos Internacionales Them y C\\u00eda. Ltda.\",\"publisher\":{\"@id\":\"https:\/\/www.cosmitet.net\/Cosmitet\/#organization\"},\"potentialAction\":[{\"@type\":\"SearchAction\",\"target\":\"https:\/\/www.cosmitet.net\/Cosmitet\/?s={search_term_string}\",\"query-input\":\"required name=search_term_string\"}],\"inLanguage\":\"es-CO\"},{\"@type\":\"ImageObject\",\"@id\":\"https:\/\/www.cosmitet.net\/Cosmitet\/usuarios\/educacion-al-usuario\/prevencion-de-caidas\/#primaryimage\",\"inLanguage\":\"es-CO\",\"url\":\"https:\/\/www.cosmitet.net\/Cosmitet\/wp-content\/uploads\/2025\/05\/cosmitet-ltda-eduacion-al-usuario-iconos-prevencion-caIdas.png\",\"width\":388,\"height\":160},{\"@type\":\"WebPage\",\"@id\":\"https:\/\/www.cosmitet.net\/Cosmitet\/usuarios\/educacion-al-usuario\/prevencion-de-caidas\/#webpage\",\"url\":\"https:\/\/www.cosmitet.net\/Cosmitet\/usuarios\/educacion-al-usuario\/prevencion-de-caidas\/\",\"name\":\"Prevenci\\u00f3n de ca\\u00eddas | Cosmitet Ltda.\",\"isPartOf\":{\"@id\":\"https:\/\/www.cosmitet.net\/Cosmitet\/#website\"},\"primaryImageOfPage\":{\"@id\":\"https:\/\/www.cosmitet.net\/Cosmitet\/usuarios\/educacion-al-usuario\/prevencion-de-caidas\/#primaryimage\"},\"datePublished\":\"2025-05-08T16:42:07+00:00\",\"dateModified\":\"2025-05-09T14:52:37+00:00\",\"breadcrumb\":{\"@id\":\"https:\/\/www.cosmitet.net\/Cosmitet\/usuarios\/educacion-al-usuario\/prevencion-de-caidas\/#breadcrumb\"},\"inLanguage\":\"es-CO\",\"potentialAction\":[{\"@type\":\"ReadAction\",\"target\":[\"https:\/\/www.cosmitet.net\/Cosmitet\/usuarios\/educacion-al-usuario\/prevencion-de-caidas\/\"]}]},{\"@type\":\"BreadcrumbList\",\"@id\":\"https:\/\/www.cosmitet.net\/Cosmitet\/usuarios\/educacion-al-usuario\/prevencion-de-caidas\/#breadcrumb\",\"itemListElement\":[{\"@type\":\"ListItem\",\"position\":1,\"item\":{\"@type\":\"WebPage\",\"@id\":\"https:\/\/www.cosmitet.net\/Cosmitet\/\",\"url\":\"https:\/\/www.cosmitet.net\/Cosmitet\/\",\"name\":\"Home\"}},{\"@type\":\"ListItem\",\"position\":2,\"item\":{\"@type\":\"WebPage\",\"@id\":\"https:\/\/www.cosmitet.net\/Cosmitet\/usuarios\/\",\"url\":\"https:\/\/www.cosmitet.net\/Cosmitet\/usuarios\/\",\"name\":\"Usuarios\"}},{\"@type\":\"ListItem\",\"position\":3,\"item\":{\"@type\":\"WebPage\",\"@id\":\"https:\/\/www.cosmitet.net\/Cosmitet\/usuarios\/educacion-al-usuario\/\",\"url\":\"https:\/\/www.cosmitet.net\/Cosmitet\/usuarios\/educacion-al-usuario\/\",\"name\":\"Educaci\\u00f3n al usuario\"}},{\"@type\":\"ListItem\",\"position\":4,\"item\":{\"@type\":\"WebPage\",\"@id\":\"https:\/\/www.cosmitet.net\/Cosmitet\/usuarios\/educacion-al-usuario\/prevencion-de-caidas\/\",\"url\":\"https:\/\/www.cosmitet.net\/Cosmitet\/usuarios\/educacion-al-usuario\/prevencion-de-caidas\/\",\"name\":\"Prevenci\\u00f3n de ca\\u00eddas\"}}]}]}<\/script>\n<!-- \/ Yoast SEO plugin. -->","_links":{"self":[{"href":"https:\/\/www.cosmitet.net\/Cosmitet\/wp-json\/wp\/v2\/pages\/15113"}],"collection":[{"href":"https:\/\/www.cosmitet.net\/Cosmitet\/wp-json\/wp\/v2\/pages"}],"about":[{"href":"https:\/\/www.cosmitet.net\/Cosmitet\/wp-json\/wp\/v2\/types\/page"}],"author":[{"embeddable":true,"href":"https:\/\/www.cosmitet.net\/Cosmitet\/wp-json\/wp\/v2\/users\/3"}],"replies":[{"embeddable":true,"href":"https:\/\/www.cosmitet.net\/Cosmitet\/wp-json\/wp\/v2\/comments?post=15113"}],"version-history":[{"count":20,"href":"https:\/\/www.cosmitet.net\/Cosmitet\/wp-json\/wp\/v2\/pages\/15113\/revisions"}],"predecessor-version":[{"id":15142,"href":"https:\/\/www.cosmitet.net\/Cosmitet\/wp-json\/wp\/v2\/pages\/15113\/revisions\/15142"}],"up":[{"embeddable":true,"href":"https:\/\/www.cosmitet.net\/Cosmitet\/wp-json\/wp\/v2\/pages\/14445"}],"wp:featuredmedia":[{"embeddable":true,"href":"https:\/\/www.cosmitet.net\/Cosmitet\/wp-json\/wp\/v2\/media\/15338"}],"wp:attachment":[{"href":"https:\/\/www.cosmitet.net\/Cosmitet\/wp-json\/wp\/v2\/media?parent=15113"}],"wp:term":[{"taxonomy":"category","embeddable":true,"href":"https:\/\/www.cosmitet.net\/Cosmitet\/wp-json\/wp\/v2\/categories?post=15113"},{"taxonomy":"post_tag","embeddable":true,"href":"https:\/\/www.cosmitet.net\/Cosmitet\/wp-json\/wp\/v2\/tags?post=15113"}],"curies":[{"name":"wp","href":"https:\/\/api.w.org\/{rel}","templated":true}]}}