{"id":2973,"date":"2020-12-10T13:01:01","date_gmt":"2020-12-10T13:01:01","guid":{"rendered":"https:\/\/www.cosmitet.net\/Cosmitet\/?page_id=2973"},"modified":"2022-01-18T17:48:34","modified_gmt":"2022-01-18T17:48:34","slug":"aprendizaje","status":"publish","type":"page","link":"https:\/\/www.cosmitet.net\/Cosmitet\/usuarios\/aprendizaje\/","title":{"rendered":"Aprendizaje"},"content":{"rendered":"<div id=\"pl-gb2973-69d622238ed40\"  class=\"panel-layout\" ><div id=\"pg-gb2973-69d622238ed40-0\"  class=\"panel-grid panel-has-style\" ><div style=\"padding: 40px 0; \" data-overlay=\"true\" data-overlay-color=\"#000000\" class=\"panel-row-style panel-row-style-for-gb2973-69d622238ed40-0\" ><div id=\"pgc-gb2973-69d622238ed40-0-0\"  class=\"panel-grid-cell\" ><div id=\"panel-gb2973-69d622238ed40-0-0-0\" class=\"so-panel widget widget_sow-image panel-first-child panel-last-child\" data-index=\"0\" ><div style=\"text-align: left;\" data-title-color=\"#443f3f\" data-headings-color=\"#443f3f\" class=\"panel-widget-style panel-widget-style-for-gb2973-69d622238ed40-0-0-0\" ><div\n\t\t\t\n\t\t\tclass=\"so-widget-sow-image so-widget-sow-image-default-d6014b76747a-2973\"\n\t\t\t\n\t\t>\n\n<div class=\"sow-image-container\">\n\t\t<img decoding=\"async\" src=\"https:\/\/www.cosmitet.net\/Cosmitet\/wp-content\/uploads\/2020\/12\/cosmitet-ltda-aprendizaje-01.png\" width=\"1200\" height=\"600\" srcset=\"https:\/\/www.cosmitet.net\/Cosmitet\/wp-content\/uploads\/2020\/12\/cosmitet-ltda-aprendizaje-01.png 1200w, https:\/\/www.cosmitet.net\/Cosmitet\/wp-content\/uploads\/2020\/12\/cosmitet-ltda-aprendizaje-01-300x150.png 300w, https:\/\/www.cosmitet.net\/Cosmitet\/wp-content\/uploads\/2020\/12\/cosmitet-ltda-aprendizaje-01-1024x512.png 1024w, https:\/\/www.cosmitet.net\/Cosmitet\/wp-content\/uploads\/2020\/12\/cosmitet-ltda-aprendizaje-01-768x384.png 768w, https:\/\/www.cosmitet.net\/Cosmitet\/wp-content\/uploads\/2020\/12\/cosmitet-ltda-aprendizaje-01-830x415.png 830w, https:\/\/www.cosmitet.net\/Cosmitet\/wp-content\/uploads\/2020\/12\/cosmitet-ltda-aprendizaje-01-230x115.png 230w, https:\/\/www.cosmitet.net\/Cosmitet\/wp-content\/uploads\/2020\/12\/cosmitet-ltda-aprendizaje-01-350x175.png 350w, https:\/\/www.cosmitet.net\/Cosmitet\/wp-content\/uploads\/2020\/12\/cosmitet-ltda-aprendizaje-01-480x240.png 480w\" sizes=\"(max-width: 1200px) 100vw, 1200px\" alt=\"\" loading=\"lazy\" \t\tclass=\"so-widget-image\"\/>\n\t<\/div>\n\n<\/div><\/div><\/div><\/div><\/div><\/div><div id=\"pg-gb2973-69d622238ed40-1\"  class=\"panel-grid panel-has-style\" ><div style=\"padding: 40px 0; \" data-overlay=\"true\" data-overlay-color=\"#000000\" class=\"panel-row-style panel-row-style-for-gb2973-69d622238ed40-1\" ><div id=\"pgc-gb2973-69d622238ed40-1-0\"  class=\"panel-grid-cell\" ><div id=\"panel-gb2973-69d622238ed40-1-0-0\" class=\"so-panel widget widget_sow-editor panel-first-child panel-last-child\" data-index=\"1\" ><div style=\"text-align: left;\" data-title-color=\"#443f3f\" data-headings-color=\"#443f3f\" class=\"panel-widget-style panel-widget-style-for-gb2973-69d622238ed40-1-0-0\" ><div\n\t\t\t\n\t\t\tclass=\"so-widget-sow-editor so-widget-sow-editor-base\"\n\t\t\t\n\t\t>\n<div class=\"siteorigin-widget-tinymce textwidget\">\n\t<p>&nbsp;<\/p>\n<p><a href=\"https:\/\/www.cosmitet.net\/Cosmitet\/wp-content\/uploads\/2020\/12\/Cuando-acudir-al-servicio-de-urgencias.pdf\" target=\"_blank\" rel=\"noopener noreferrer\">Cuando acudir al servicio de urgencias<\/a><\/p>\n<p><a href=\"https:\/\/www.cosmitet.net\/Cosmitet\/wp-content\/uploads\/2020\/12\/Recomendaciones-para-pacientes-portadores-de-sonda-vesical.pdf\" target=\"_blank\" rel=\"noopener noreferrer\">Recomendaciones para pacientes portadores de sonda vesical<\/a><\/p>\n<p><a href=\"https:\/\/www.cosmitet.net\/Cosmitet\/wp-content\/uploads\/2020\/12\/Recomendaciones-de-cuidado-de-traqueostomia.pdf\" target=\"_blank\" rel=\"noopener noreferrer\">Recomendaciones de cuidado de traqueostomia<\/a><\/p>\n<p><a href=\"https:\/\/www.cosmitet.net\/Cosmitet\/wp-content\/uploads\/2020\/12\/Recomendaciones-de-cuidado-de-traqueostomia-succion-de-secreciones.pdf\" target=\"_blank\" rel=\"noopener noreferrer\">Recomendaciones de cuidado de traqueostom\u00eda succi\u00f3n de secreciones<\/a><\/p>\n<p><a href=\"https:\/\/www.cosmitet.net\/Cosmitet\/wp-content\/uploads\/2020\/12\/Manejo-de-gastronomia.pdf\" target=\"_blank\" rel=\"noopener noreferrer\">Manejo de gastrostom\u00eda<\/a><\/p>\n<p><a href=\"https:\/\/www.cosmitet.net\/Cosmitet\/wp-content\/uploads\/2021\/03\/reaccion-transfusional-tardia-2.jpg-1.pdf\">Reacci\u00f3n transfusional tard\u00eda<\/a><\/p>\n<p><a href=\"https:\/\/www.cosmitet.net\/Cosmitet\/wp-content\/uploads\/2021\/03\/cuidado-de-piel.jpg.pdf\">Cuidado de la piel<\/a><\/p>\n<p><a href=\"https:\/\/www.cosmitet.net\/Cosmitet\/wp-content\/uploads\/2021\/05\/beneficios-de-la-lactancia-materna.png\">Beneficios de la lactancia materna y cuidados del reci\u00e9n\u00a0nacido<\/a><\/p>\n<p>&nbsp;<\/p>\n<\/div>\n<\/div><\/div><\/div><\/div><\/div><\/div><\/div>","protected":false},"excerpt":{"rendered":"<p>&nbsp; Cuando acudir al servicio de urgencias Recomendaciones para pacientes portadores de sonda vesical Recomendaciones de cuidado de traqueostomia Recomendaciones de cuidado de traqueostom\u00eda succi\u00f3n de secreciones Manejo de gastrostom\u00eda Reacci\u00f3n transfusional tard\u00eda Cuidado de la piel Beneficios de la [&hellip;]<\/p>\n","protected":false},"author":3,"featured_media":0,"parent":974,"menu_order":3,"comment_status":"closed","ping_status":"closed","template":"elementor_header_footer","meta":[],"categories":[],"tags":[],"yoast_head":"<!-- This site is optimized with the Yoast SEO plugin v15.9.1 - https:\/\/yoast.com\/wordpress\/plugins\/seo\/ -->\n<title>Cosmitet Ltda. | Aprendizaje<\/title>\n<link rel=\"canonical\" href=\"https:\/\/www.cosmitet.net\/Cosmitet\/usuarios\/aprendizaje\/\" \/>\n<meta property=\"og:locale\" content=\"es_ES\" \/>\n<meta property=\"og:type\" content=\"article\" \/>\n<meta property=\"og:title\" content=\"Cosmitet Ltda. | Aprendizaje\" \/>\n<meta property=\"og:description\" content=\"&nbsp; Cuando acudir al servicio de urgencias Recomendaciones para pacientes portadores de sonda vesical Recomendaciones de cuidado de traqueostomia Recomendaciones de cuidado de traqueostom\u00eda succi\u00f3n de secreciones Manejo de gastrostom\u00eda Reacci\u00f3n transfusional tard\u00eda Cuidado de la piel Beneficios de la [&hellip;]\" \/>\n<meta property=\"og:url\" content=\"https:\/\/www.cosmitet.net\/Cosmitet\/usuarios\/aprendizaje\/\" \/>\n<meta property=\"og:site_name\" content=\"Cosmitet Ltda.\" \/>\n<meta property=\"article:modified_time\" content=\"2022-01-18T17:48:34+00:00\" \/>\n<meta property=\"og:image\" content=\"https:\/\/www.cosmitet.net\/Cosmitet\/wp-content\/uploads\/2020\/12\/cosmitet-ltda-aprendizaje-01.png\" \/>\n<meta name=\"twitter:card\" content=\"summary_large_image\" \/>\n<meta name=\"twitter:label1\" content=\"Est. reading time\">\n\t<meta name=\"twitter:data1\" content=\"1 minuto\">\n<script type=\"application\/ld+json\" class=\"yoast-schema-graph\">{\"@context\":\"https:\/\/schema.org\",\"@graph\":[{\"@type\":\"Organization\",\"@id\":\"https:\/\/www.cosmitet.net\/Cosmitet\/#organization\",\"name\":\"Corporaci\\u00f3n de Servicios M\\u00e9dicos Internacionales Them y Cia Ltda.\",\"url\":\"https:\/\/www.cosmitet.net\/Cosmitet\/\",\"sameAs\":[],\"logo\":{\"@type\":\"ImageObject\",\"@id\":\"https:\/\/www.cosmitet.net\/Cosmitet\/#logo\",\"inLanguage\":\"es-CO\",\"url\":\"https:\/\/www.cosmitet.net\/Cosmitet\/wp-content\/uploads\/2022\/08\/cosmitet-logo-25-anos-02.png\",\"width\":1773,\"height\":510,\"caption\":\"Corporaci\\u00f3n de Servicios M\\u00e9dicos Internacionales Them y Cia Ltda.\"},\"image\":{\"@id\":\"https:\/\/www.cosmitet.net\/Cosmitet\/#logo\"}},{\"@type\":\"WebSite\",\"@id\":\"https:\/\/www.cosmitet.net\/Cosmitet\/#website\",\"url\":\"https:\/\/www.cosmitet.net\/Cosmitet\/\",\"name\":\"Cosmitet Ltda.\",\"description\":\"Corporaci\\u00f3n de Servicios M\\u00e9dicos Internacionales Them y C\\u00eda. Ltda.\",\"publisher\":{\"@id\":\"https:\/\/www.cosmitet.net\/Cosmitet\/#organization\"},\"potentialAction\":[{\"@type\":\"SearchAction\",\"target\":\"https:\/\/www.cosmitet.net\/Cosmitet\/?s={search_term_string}\",\"query-input\":\"required name=search_term_string\"}],\"inLanguage\":\"es-CO\"},{\"@type\":\"ImageObject\",\"@id\":\"https:\/\/www.cosmitet.net\/Cosmitet\/usuarios\/aprendizaje\/#primaryimage\",\"inLanguage\":\"es-CO\",\"url\":\"https:\/\/www.cosmitet.net\/Cosmitet\/wp-content\/uploads\/2020\/12\/cosmitet-ltda-aprendizaje-01.png\",\"width\":1200,\"height\":600},{\"@type\":\"WebPage\",\"@id\":\"https:\/\/www.cosmitet.net\/Cosmitet\/usuarios\/aprendizaje\/#webpage\",\"url\":\"https:\/\/www.cosmitet.net\/Cosmitet\/usuarios\/aprendizaje\/\",\"name\":\"Cosmitet Ltda. | Aprendizaje\",\"isPartOf\":{\"@id\":\"https:\/\/www.cosmitet.net\/Cosmitet\/#website\"},\"primaryImageOfPage\":{\"@id\":\"https:\/\/www.cosmitet.net\/Cosmitet\/usuarios\/aprendizaje\/#primaryimage\"},\"datePublished\":\"2020-12-10T13:01:01+00:00\",\"dateModified\":\"2022-01-18T17:48:34+00:00\",\"breadcrumb\":{\"@id\":\"https:\/\/www.cosmitet.net\/Cosmitet\/usuarios\/aprendizaje\/#breadcrumb\"},\"inLanguage\":\"es-CO\",\"potentialAction\":[{\"@type\":\"ReadAction\",\"target\":[\"https:\/\/www.cosmitet.net\/Cosmitet\/usuarios\/aprendizaje\/\"]}]},{\"@type\":\"BreadcrumbList\",\"@id\":\"https:\/\/www.cosmitet.net\/Cosmitet\/usuarios\/aprendizaje\/#breadcrumb\",\"itemListElement\":[{\"@type\":\"ListItem\",\"position\":1,\"item\":{\"@type\":\"WebPage\",\"@id\":\"https:\/\/www.cosmitet.net\/Cosmitet\/\",\"url\":\"https:\/\/www.cosmitet.net\/Cosmitet\/\",\"name\":\"Home\"}},{\"@type\":\"ListItem\",\"position\":2,\"item\":{\"@type\":\"WebPage\",\"@id\":\"https:\/\/www.cosmitet.net\/Cosmitet\/usuarios\/\",\"url\":\"https:\/\/www.cosmitet.net\/Cosmitet\/usuarios\/\",\"name\":\"Usuarios\"}},{\"@type\":\"ListItem\",\"position\":3,\"item\":{\"@type\":\"WebPage\",\"@id\":\"https:\/\/www.cosmitet.net\/Cosmitet\/usuarios\/aprendizaje\/\",\"url\":\"https:\/\/www.cosmitet.net\/Cosmitet\/usuarios\/aprendizaje\/\",\"name\":\"Aprendizaje\"}}]}]}<\/script>\n<!-- \/ Yoast SEO plugin. -->","_links":{"self":[{"href":"https:\/\/www.cosmitet.net\/Cosmitet\/wp-json\/wp\/v2\/pages\/2973"}],"collection":[{"href":"https:\/\/www.cosmitet.net\/Cosmitet\/wp-json\/wp\/v2\/pages"}],"about":[{"href":"https:\/\/www.cosmitet.net\/Cosmitet\/wp-json\/wp\/v2\/types\/page"}],"author":[{"embeddable":true,"href":"https:\/\/www.cosmitet.net\/Cosmitet\/wp-json\/wp\/v2\/users\/3"}],"replies":[{"embeddable":true,"href":"https:\/\/www.cosmitet.net\/Cosmitet\/wp-json\/wp\/v2\/comments?post=2973"}],"version-history":[{"count":21,"href":"https:\/\/www.cosmitet.net\/Cosmitet\/wp-json\/wp\/v2\/pages\/2973\/revisions"}],"predecessor-version":[{"id":4169,"href":"https:\/\/www.cosmitet.net\/Cosmitet\/wp-json\/wp\/v2\/pages\/2973\/revisions\/4169"}],"up":[{"embeddable":true,"href":"https:\/\/www.cosmitet.net\/Cosmitet\/wp-json\/wp\/v2\/pages\/974"}],"wp:attachment":[{"href":"https:\/\/www.cosmitet.net\/Cosmitet\/wp-json\/wp\/v2\/media?parent=2973"}],"wp:term":[{"taxonomy":"category","embeddable":true,"href":"https:\/\/www.cosmitet.net\/Cosmitet\/wp-json\/wp\/v2\/categories?post=2973"},{"taxonomy":"post_tag","embeddable":true,"href":"https:\/\/www.cosmitet.net\/Cosmitet\/wp-json\/wp\/v2\/tags?post=2973"}],"curies":[{"name":"wp","href":"https:\/\/api.w.org\/{rel}","templated":true}]}}