{"id":9647,"date":"2023-02-09T16:21:11","date_gmt":"2023-02-09T16:21:11","guid":{"rendered":"https:\/\/www.cosmitet.net\/Cosmitet\/?page_id=9647"},"modified":"2024-05-03T17:06:07","modified_gmt":"2024-05-03T22:06:07","slug":"caracterizacion-poblacional","status":"publish","type":"page","link":"https:\/\/www.cosmitet.net\/Cosmitet\/usuarios\/caracterizacion-poblacional\/","title":{"rendered":"Caracterizaci\u00f3n poblacional"},"content":{"rendered":"\t\t<div data-elementor-type=\"wp-page\" data-elementor-id=\"9647\" class=\"elementor elementor-9647\">\n\t\t\t\t\t\t\t\t\t<section class=\"elementor-section elementor-top-section elementor-element elementor-element-9e2ad42 elementor-section-height-min-height elementor-section-boxed elementor-section-height-default elementor-section-items-middle\" data-id=\"9e2ad42\" data-element_type=\"section\" data-settings=\"{&quot;background_background&quot;:&quot;classic&quot;}\">\n\t\t\t\t\t\t<div class=\"elementor-container elementor-column-gap-default\">\n\t\t\t\t\t<div class=\"elementor-column elementor-col-100 elementor-top-column elementor-element elementor-element-dc12ae2\" data-id=\"dc12ae2\" data-element_type=\"column\">\n\t\t\t<div class=\"elementor-widget-wrap elementor-element-populated\">\n\t\t\t\t\t\t\t\t<div class=\"elementor-element elementor-element-c6d8f50 elementor-widget elementor-widget-heading\" data-id=\"c6d8f50\" data-element_type=\"widget\" data-widget_type=\"heading.default\">\n\t\t\t\t<div class=\"elementor-widget-container\">\n\t\t\t<h2 class=\"elementor-heading-title elementor-size-default\">Caracterizaci\u00f3n poblacional Cosmitet Ltda<\/h2>\t\t<\/div>\n\t\t\t\t<\/div>\n\t\t\t\t<div class=\"elementor-element elementor-element-50c5e29 elementor-widget-divider--view-line elementor-widget elementor-widget-divider\" data-id=\"50c5e29\" data-element_type=\"widget\" data-widget_type=\"divider.default\">\n\t\t\t\t<div class=\"elementor-widget-container\">\n\t\t\t\t\t<div class=\"elementor-divider\">\n\t\t\t<span class=\"elementor-divider-separator\">\n\t\t\t\t\t\t<\/span>\n\t\t<\/div>\n\t\t\t\t<\/div>\n\t\t\t\t<\/div>\n\t\t\t\t<div class=\"elementor-element elementor-element-6ce2a82 elementor-widget elementor-widget-image\" data-id=\"6ce2a82\" data-element_type=\"widget\" data-widget_type=\"image.default\">\n\t\t\t\t<div class=\"elementor-widget-container\">\n\t\t\t\t\t\t\t\t\t\t\t\t\t\t\t<img decoding=\"async\" width=\"1024\" height=\"576\" src=\"https:\/\/www.cosmitet.net\/Cosmitet\/wp-content\/uploads\/2023\/02\/Copia-de-DATOS-1-1024x576.png\" class=\"attachment-large size-large\" alt=\"Caracterizacion Poblacional\" loading=\"lazy\" srcset=\"https:\/\/www.cosmitet.net\/Cosmitet\/wp-content\/uploads\/2023\/02\/Copia-de-DATOS-1-1024x576.png 1024w, https:\/\/www.cosmitet.net\/Cosmitet\/wp-content\/uploads\/2023\/02\/Copia-de-DATOS-1-300x169.png 300w, https:\/\/www.cosmitet.net\/Cosmitet\/wp-content\/uploads\/2023\/02\/Copia-de-DATOS-1-768x432.png 768w, https:\/\/www.cosmitet.net\/Cosmitet\/wp-content\/uploads\/2023\/02\/Copia-de-DATOS-1-1536x864.png 1536w, https:\/\/www.cosmitet.net\/Cosmitet\/wp-content\/uploads\/2023\/02\/Copia-de-DATOS-1-1000x563.png 1000w, https:\/\/www.cosmitet.net\/Cosmitet\/wp-content\/uploads\/2023\/02\/Copia-de-DATOS-1-230x129.png 230w, https:\/\/www.cosmitet.net\/Cosmitet\/wp-content\/uploads\/2023\/02\/Copia-de-DATOS-1-350x197.png 350w, https:\/\/www.cosmitet.net\/Cosmitet\/wp-content\/uploads\/2023\/02\/Copia-de-DATOS-1-480x270.png 480w, https:\/\/www.cosmitet.net\/Cosmitet\/wp-content\/uploads\/2023\/02\/Copia-de-DATOS-1.png 1921w\" sizes=\"(max-width: 1024px) 100vw, 1024px\" \/>\t\t\t\t\t\t\t\t\t\t\t\t\t\t\t<\/div>\n\t\t\t\t<\/div>\n\t\t\t\t<section class=\"elementor-section elementor-inner-section elementor-element elementor-element-72385bc elementor-section-boxed elementor-section-height-default elementor-section-height-default\" data-id=\"72385bc\" data-element_type=\"section\">\n\t\t\t\t\t\t<div class=\"elementor-container elementor-column-gap-default\">\n\t\t\t\t\t<div class=\"elementor-column elementor-col-50 elementor-inner-column elementor-element elementor-element-96149f6\" data-id=\"96149f6\" data-element_type=\"column\">\n\t\t\t<div class=\"elementor-widget-wrap elementor-element-populated\">\n\t\t\t\t\t\t\t\t<div class=\"elementor-element elementor-element-1f3871f elementor-widget elementor-widget-text-editor\" data-id=\"1f3871f\" data-element_type=\"widget\" data-widget_type=\"text-editor.default\">\n\t\t\t\t<div class=\"elementor-widget-container\">\n\t\t\t\t\t\t\t<p style=\"text-align: justify;\">La concepci\u00f3n del An\u00e1lisis de la Situaci\u00f3n de Salud (ASIS) para Cosmitet en el a\u00f1o 2023 se fundamenta en la imperiosa necesidad de comprender y abordar de manera integral el perfil de salud-enfermedad de la poblaci\u00f3n local. Este documento de planificaci\u00f3n se erige como una herramienta fundamental que permite caracterizar, medir y explicar las complejidades de la salud de la poblaci\u00f3n, identificando as\u00ed las necesidades y prioridades en salud.\nEl fundamento del ASIS se origina en la necesidad de identificar las interacciones entre diversas variables de m\u00faltiples dimensiones. Su elaboraci\u00f3n responde a la inquietud de comprender los factores explicativos del din\u00e1mico proceso salud-enfermedad en la poblaci\u00f3n afiliada a Cosmitet.<\/p>\t\t\t\t\t\t<\/div>\n\t\t\t\t<\/div>\n\t\t\t\t\t<\/div>\n\t\t<\/div>\n\t\t\t\t<div class=\"elementor-column elementor-col-50 elementor-inner-column elementor-element elementor-element-44b8579\" data-id=\"44b8579\" data-element_type=\"column\">\n\t\t\t<div class=\"elementor-widget-wrap elementor-element-populated\">\n\t\t\t\t\t\t\t\t<div class=\"elementor-element elementor-element-44b8ef3 elementor-widget elementor-widget-accordion\" data-id=\"44b8ef3\" data-element_type=\"widget\" data-widget_type=\"accordion.default\">\n\t\t\t\t<div class=\"elementor-widget-container\">\n\t\t\t\t\t<div class=\"elementor-accordion\" role=\"tablist\">\n\t\t\t\t\t\t\t<div class=\"elementor-accordion-item\">\n\t\t\t\t\t<div id=\"elementor-tab-title-7201\" class=\"elementor-tab-title\" data-tab=\"1\" role=\"tab\" aria-controls=\"elementor-tab-content-7201\" aria-expanded=\"false\">\n\t\t\t\t\t\t\t\t\t\t\t\t\t<span class=\"elementor-accordion-icon elementor-accordion-icon-left\" aria-hidden=\"true\">\n\t\t\t\t\t\t\t\t\t\t\t\t\t\t\t<span class=\"elementor-accordion-icon-closed\"><i class=\"fas fa-plus\"><\/i><\/span>\n\t\t\t\t\t\t\t\t<span class=\"elementor-accordion-icon-opened\"><i class=\"fas fa-minus\"><\/i><\/span>\n\t\t\t\t\t\t\t\t\t\t\t\t\t\t<\/span>\n\t\t\t\t\t\t\t\t\t\t\t\t<a class=\"elementor-accordion-title\" href=\"\">Documentos CAPO Magisterio 2022<\/a>\n\t\t\t\t\t<\/div>\n\t\t\t\t\t<div id=\"elementor-tab-content-7201\" class=\"elementor-tab-content elementor-clearfix\" data-tab=\"1\" role=\"tabpanel\" aria-labelledby=\"elementor-tab-title-7201\"><ul><li><a href=\"https:\/\/www.cosmitet.net\/Cosmitet\/wp-content\/uploads\/2023\/02\/Caracterizacion-Magisterio-Isem2022KC17.01.22-1.pdf\">CAPO regi\u00f3n 2 I Sem<\/a><\/li><li><a href=\"https:\/\/www.cosmitet.net\/Cosmitet\/wp-content\/uploads\/2023\/02\/Pres_CAPO-I_SEM_22.pdf\" target=\"_blank\" rel=\"noopener\">Presentaci\u00f3n &#8211; Caracterizaci\u00f3n Magisterio I Sem 2022<\/a><\/li><li><a href=\"https:\/\/www.cosmitet.net\/Cosmitet\/wp-content\/uploads\/2023\/03\/PERFIL-EPIDEMIOLOGICO-PRIMER-SEMESTRE-2022-COSMITET-R9.pdf\">CAPO regi\u00f3n 9 I Sem<\/a><\/li><\/ul><\/div>\n\t\t\t\t<\/div>\n\t\t\t\t\t\t\t<div class=\"elementor-accordion-item\">\n\t\t\t\t\t<div id=\"elementor-tab-title-7202\" class=\"elementor-tab-title\" data-tab=\"2\" role=\"tab\" aria-controls=\"elementor-tab-content-7202\" aria-expanded=\"false\">\n\t\t\t\t\t\t\t\t\t\t\t\t\t<span class=\"elementor-accordion-icon elementor-accordion-icon-left\" aria-hidden=\"true\">\n\t\t\t\t\t\t\t\t\t\t\t\t\t\t\t<span class=\"elementor-accordion-icon-closed\"><i class=\"fas fa-plus\"><\/i><\/span>\n\t\t\t\t\t\t\t\t<span class=\"elementor-accordion-icon-opened\"><i class=\"fas fa-minus\"><\/i><\/span>\n\t\t\t\t\t\t\t\t\t\t\t\t\t\t<\/span>\n\t\t\t\t\t\t\t\t\t\t\t\t<a class=\"elementor-accordion-title\" href=\"\">Documentos CAPO Fondo pasivo de Colombia 2021<\/a>\n\t\t\t\t\t<\/div>\n\t\t\t\t\t<div id=\"elementor-tab-content-7202\" class=\"elementor-tab-content elementor-clearfix\" data-tab=\"2\" role=\"tabpanel\" aria-labelledby=\"elementor-tab-title-7202\"><ul><li><a href=\"https:\/\/www.cosmitet.net\/Cosmitet\/wp-content\/uploads\/2023\/02\/Caracterizacion-de-la-poblacion-FPS-2021.pdf\" target=\"_blank\" rel=\"noopener\">Caracterizaci\u00f3n de la poblaci\u00f3n FPS-2021<\/a><\/li><li><a href=\"https:\/\/www.cosmitet.net\/Cosmitet\/wp-content\/uploads\/2023\/04\/CaracterizacionFPS-2022_MARZO23.pdf\">Caracterizaci\u00f3nFPS 2022_MARZO23<\/a><\/li><\/ul><\/div>\n\t\t\t\t<\/div>\n\t\t\t\t\t\t\t\t<\/div>\n\t\t\t\t<\/div>\n\t\t\t\t<\/div>\n\t\t\t\t\t<\/div>\n\t\t<\/div>\n\t\t\t\t\t\t\t<\/div>\n\t\t<\/section>\n\t\t\t\t\t<\/div>\n\t\t<\/div>\n\t\t\t\t\t\t\t<\/div>\n\t\t<\/section>\n\t\t\t\t\t\t\t<\/div>\n\t\t","protected":false},"excerpt":{"rendered":"<p>Caracterizaci\u00f3n poblacional Cosmitet Ltda La concepci\u00f3n del An\u00e1lisis de la Situaci\u00f3n de Salud (ASIS) para Cosmitet en el a\u00f1o 2023 se fundamenta en la imperiosa necesidad de comprender y abordar de manera integral el perfil de salud-enfermedad de la poblaci\u00f3n [&hellip;]<\/p>\n","protected":false},"author":3,"featured_media":0,"parent":974,"menu_order":0,"comment_status":"closed","ping_status":"closed","template":"page-templates\/page_front-page.php","meta":[],"categories":[],"tags":[],"yoast_head":"<!-- This site is optimized with the Yoast SEO plugin v15.9.1 - https:\/\/yoast.com\/wordpress\/plugins\/seo\/ -->\n<title>Caracterizaci\u00f3n poblacional | Cosmitet Ltda.<\/title>\n<link rel=\"canonical\" href=\"https:\/\/www.cosmitet.net\/Cosmitet\/usuarios\/caracterizacion-poblacional\/\" \/>\n<meta property=\"og:locale\" content=\"es_ES\" \/>\n<meta property=\"og:type\" content=\"article\" \/>\n<meta property=\"og:title\" content=\"Caracterizaci\u00f3n poblacional | Cosmitet Ltda.\" \/>\n<meta property=\"og:description\" content=\"Caracterizaci\u00f3n poblacional Cosmitet Ltda La concepci\u00f3n del An\u00e1lisis de la Situaci\u00f3n de Salud (ASIS) para Cosmitet en el a\u00f1o 2023 se fundamenta en la imperiosa necesidad de comprender y abordar de manera integral el perfil de salud-enfermedad de la poblaci\u00f3n [&hellip;]\" \/>\n<meta property=\"og:url\" content=\"https:\/\/www.cosmitet.net\/Cosmitet\/usuarios\/caracterizacion-poblacional\/\" \/>\n<meta property=\"og:site_name\" content=\"Cosmitet Ltda.\" \/>\n<meta property=\"article:modified_time\" content=\"2024-05-03T22:06:07+00:00\" \/>\n<meta property=\"og:image\" content=\"https:\/\/www.cosmitet.net\/Cosmitet\/wp-content\/uploads\/2023\/02\/Copia-de-DATOS-1-1024x576.png\" \/>\n<meta name=\"twitter:card\" content=\"summary_large_image\" \/>\n<meta name=\"twitter:label1\" content=\"Est. reading time\">\n\t<meta name=\"twitter:data1\" content=\"1 minuto\">\n<script type=\"application\/ld+json\" class=\"yoast-schema-graph\">{\"@context\":\"https:\/\/schema.org\",\"@graph\":[{\"@type\":\"Organization\",\"@id\":\"https:\/\/www.cosmitet.net\/Cosmitet\/#organization\",\"name\":\"Corporaci\\u00f3n de Servicios M\\u00e9dicos Internacionales Them y Cia Ltda.\",\"url\":\"https:\/\/www.cosmitet.net\/Cosmitet\/\",\"sameAs\":[],\"logo\":{\"@type\":\"ImageObject\",\"@id\":\"https:\/\/www.cosmitet.net\/Cosmitet\/#logo\",\"inLanguage\":\"es-CO\",\"url\":\"https:\/\/www.cosmitet.net\/Cosmitet\/wp-content\/uploads\/2022\/08\/cosmitet-logo-25-anos-02.png\",\"width\":1773,\"height\":510,\"caption\":\"Corporaci\\u00f3n de Servicios M\\u00e9dicos Internacionales Them y Cia Ltda.\"},\"image\":{\"@id\":\"https:\/\/www.cosmitet.net\/Cosmitet\/#logo\"}},{\"@type\":\"WebSite\",\"@id\":\"https:\/\/www.cosmitet.net\/Cosmitet\/#website\",\"url\":\"https:\/\/www.cosmitet.net\/Cosmitet\/\",\"name\":\"Cosmitet Ltda.\",\"description\":\"Corporaci\\u00f3n de Servicios M\\u00e9dicos Internacionales Them y C\\u00eda. Ltda.\",\"publisher\":{\"@id\":\"https:\/\/www.cosmitet.net\/Cosmitet\/#organization\"},\"potentialAction\":[{\"@type\":\"SearchAction\",\"target\":\"https:\/\/www.cosmitet.net\/Cosmitet\/?s={search_term_string}\",\"query-input\":\"required name=search_term_string\"}],\"inLanguage\":\"es-CO\"},{\"@type\":\"ImageObject\",\"@id\":\"https:\/\/www.cosmitet.net\/Cosmitet\/usuarios\/caracterizacion-poblacional\/#primaryimage\",\"inLanguage\":\"es-CO\",\"url\":\"https:\/\/www.cosmitet.net\/Cosmitet\/wp-content\/uploads\/2023\/02\/Copia-de-DATOS-1.png\",\"width\":1921,\"height\":1081,\"caption\":\"Caracterizacion Poblacional\"},{\"@type\":\"WebPage\",\"@id\":\"https:\/\/www.cosmitet.net\/Cosmitet\/usuarios\/caracterizacion-poblacional\/#webpage\",\"url\":\"https:\/\/www.cosmitet.net\/Cosmitet\/usuarios\/caracterizacion-poblacional\/\",\"name\":\"Caracterizaci\\u00f3n poblacional | Cosmitet Ltda.\",\"isPartOf\":{\"@id\":\"https:\/\/www.cosmitet.net\/Cosmitet\/#website\"},\"primaryImageOfPage\":{\"@id\":\"https:\/\/www.cosmitet.net\/Cosmitet\/usuarios\/caracterizacion-poblacional\/#primaryimage\"},\"datePublished\":\"2023-02-09T16:21:11+00:00\",\"dateModified\":\"2024-05-03T22:06:07+00:00\",\"breadcrumb\":{\"@id\":\"https:\/\/www.cosmitet.net\/Cosmitet\/usuarios\/caracterizacion-poblacional\/#breadcrumb\"},\"inLanguage\":\"es-CO\",\"potentialAction\":[{\"@type\":\"ReadAction\",\"target\":[\"https:\/\/www.cosmitet.net\/Cosmitet\/usuarios\/caracterizacion-poblacional\/\"]}]},{\"@type\":\"BreadcrumbList\",\"@id\":\"https:\/\/www.cosmitet.net\/Cosmitet\/usuarios\/caracterizacion-poblacional\/#breadcrumb\",\"itemListElement\":[{\"@type\":\"ListItem\",\"position\":1,\"item\":{\"@type\":\"WebPage\",\"@id\":\"https:\/\/www.cosmitet.net\/Cosmitet\/\",\"url\":\"https:\/\/www.cosmitet.net\/Cosmitet\/\",\"name\":\"Home\"}},{\"@type\":\"ListItem\",\"position\":2,\"item\":{\"@type\":\"WebPage\",\"@id\":\"https:\/\/www.cosmitet.net\/Cosmitet\/usuarios\/\",\"url\":\"https:\/\/www.cosmitet.net\/Cosmitet\/usuarios\/\",\"name\":\"Usuarios\"}},{\"@type\":\"ListItem\",\"position\":3,\"item\":{\"@type\":\"WebPage\",\"@id\":\"https:\/\/www.cosmitet.net\/Cosmitet\/usuarios\/caracterizacion-poblacional\/\",\"url\":\"https:\/\/www.cosmitet.net\/Cosmitet\/usuarios\/caracterizacion-poblacional\/\",\"name\":\"Caracterizaci\\u00f3n poblacional\"}}]}]}<\/script>\n<!-- \/ Yoast SEO plugin. -->","_links":{"self":[{"href":"https:\/\/www.cosmitet.net\/Cosmitet\/wp-json\/wp\/v2\/pages\/9647"}],"collection":[{"href":"https:\/\/www.cosmitet.net\/Cosmitet\/wp-json\/wp\/v2\/pages"}],"about":[{"href":"https:\/\/www.cosmitet.net\/Cosmitet\/wp-json\/wp\/v2\/types\/page"}],"author":[{"embeddable":true,"href":"https:\/\/www.cosmitet.net\/Cosmitet\/wp-json\/wp\/v2\/users\/3"}],"replies":[{"embeddable":true,"href":"https:\/\/www.cosmitet.net\/Cosmitet\/wp-json\/wp\/v2\/comments?post=9647"}],"version-history":[{"count":117,"href":"https:\/\/www.cosmitet.net\/Cosmitet\/wp-json\/wp\/v2\/pages\/9647\/revisions"}],"predecessor-version":[{"id":11041,"href":"https:\/\/www.cosmitet.net\/Cosmitet\/wp-json\/wp\/v2\/pages\/9647\/revisions\/11041"}],"up":[{"embeddable":true,"href":"https:\/\/www.cosmitet.net\/Cosmitet\/wp-json\/wp\/v2\/pages\/974"}],"wp:attachment":[{"href":"https:\/\/www.cosmitet.net\/Cosmitet\/wp-json\/wp\/v2\/media?parent=9647"}],"wp:term":[{"taxonomy":"category","embeddable":true,"href":"https:\/\/www.cosmitet.net\/Cosmitet\/wp-json\/wp\/v2\/categories?post=9647"},{"taxonomy":"post_tag","embeddable":true,"href":"https:\/\/www.cosmitet.net\/Cosmitet\/wp-json\/wp\/v2\/tags?post=9647"}],"curies":[{"name":"wp","href":"https:\/\/api.w.org\/{rel}","templated":true}]}}